{"id":12520,"date":"2020-05-18T08:46:31","date_gmt":"2020-05-18T08:46:31","guid":{"rendered":"https:\/\/marcegagliadobrasil.com\/refrigeration-tubes\/"},"modified":"2024-10-09T15:03:43","modified_gmt":"2024-10-09T15:03:43","slug":"tubos-de-aco-carbono-para-refrigeracao","status":"publish","type":"page","link":"https:\/\/marcegagliadobrasil.com\/pt-br\/tubos-de-aco-carbono-para-refrigeracao\/","title":{"rendered":"Tubos de a\u00e7o carbono para refrigera\u00e7\u00e3o"},"content":{"rendered":"<div class=\"wpb-content-wrapper\"><p>[vc_row full_width=&#8221;stretch_row_content_no_spaces&#8221; css=&#8221;.vc_custom_1728486084608{margin-bottom: 2em !important;background-image: url(https:\/\/marcegagliadobrasil.com\/wp-content\/uploads\/2024\/10\/Marcegaglia-do-Brasil-refrigeration-tubes-header.jpg?id=14487) !important;background-position: center !important;background-repeat: no-repeat !important;background-size: cover !important;}&#8221; el_id=&#8221;desk&#8221;][vc_column css=&#8221;.vc_custom_1588591974425{padding-top: 10em !important;padding-bottom: 10em !important;background-position: center !important;background-repeat: no-repeat !important;background-size: cover !important;}&#8221; el_id=&#8221;desk&#8221; offset=&#8221;vc_hidden-sm vc_hidden-xs&#8221;][\/vc_column][\/vc_row][vc_row full_width=&#8221;stretch_row_content_no_spaces&#8221; css=&#8221;.vc_custom_1728486097980{margin-bottom: 2em !important;padding-top: 5em !important;padding-bottom: 5em !important;background-image: url(https:\/\/marcegagliadobrasil.com\/wp-content\/uploads\/2024\/10\/Marcegaglia-do-Brasil-refrigeration-tubes-header-mobile.jpg?id=14489) !important;background-position: center !important;background-repeat: no-repeat !important;background-size: cover !important;}&#8221; el_id=&#8221;resp&#8221;][vc_column css=&#8221;.vc_custom_1588592239658{background-position: center !important;background-repeat: no-repeat !important;background-size: cover !important;}&#8221; el_id=&#8221;resp&#8221; offset=&#8221;vc_hidden-lg vc_hidden-md&#8221;][\/vc_column][\/vc_row][vc_row full_width=&#8221;stretch_row&#8221; css=&#8221;.vc_custom_1585324797481{margin-bottom: 4em !important;background-position: center !important;background-repeat: no-repeat !important;background-size: cover !important;}&#8221;][vc_column width=&#8221;1\/2&#8243;][vc_column_text]<\/p>\n<h2>TUBOS DE A\u00c7O CARBONO PARA REFRIGERA\u00c7\u00c3O<\/h2>\n<p>[\/vc_column_text][vc_empty_space height=&#8221;20px&#8221;][vc_column_text]A linha Marcegaglia do Brasil de tubos de a\u00e7o eletrosoldados, n\u00e3o revestidos ou zinco dedicados \u00e0<strong> ind\u00fastria de refrigera\u00e7\u00e3o<\/strong> \u00e9 fabricada de acordo com as normas e toler\u00e2ncias espec\u00edficas do setor. A produ\u00e7\u00e3o \u00e9 exaustivamente testada para permitir o uso em aplica\u00e7\u00f5es como condensadores e evaporadores para aquecimento e resfriamento sistemas e eletrodom\u00e9sticos Versatilidade, economia e alta resist\u00eancia \u00e0 corros\u00e3o completam as caracter\u00edsticas dos tubos frigor\u00edficos Marcegaglia.[\/vc_column_text][vc_empty_space height=&#8221;20px&#8221;][vc_row_inner el_id=&#8221;resp&#8221; css=&#8221;.vc_custom_1594637730891{margin-bottom: 1em !important;}&#8221;][vc_column_inner width=&#8221;1\/4&#8243; css=&#8221;.vc_custom_1594637737854{margin-right: 0px !important;}&#8221; offset=&#8221;vc_col-xs-4&#8243;][vc_single_image image=&#8221;13515&#8243; img_size=&#8221;full&#8221; onclick=&#8221;custom_link&#8221; link=&#8221;https:\/\/marcegagliadobrasil.com\/wp-content\/uploads\/2024\/10\/Marcegaglia-do-Brasil-Refrigeration-tubes.pdf&#8221;][\/vc_column_inner][vc_column_inner width=&#8221;1\/4&#8243; offset=&#8221;vc_col-xs-4&#8243;][\/vc_column_inner][vc_column_inner width=&#8221;1\/4&#8243; offset=&#8221;vc_col-xs-4&#8243;][\/vc_column_inner][vc_column_inner width=&#8221;1\/4&#8243;][\/vc_column_inner][\/vc_row_inner]<div id=\"cz_27052\" data-arrows='{\"open\":\"fa fa-angle-down\",\"close\":\"fa fa-angle-up\"}' class=\"cz_27052 cz_acc clr cz_acc_toggle\"><div><div id=\"\"><span class=\"cz_acc_child\"><div>BITOLAS<\/div><\/span><div class=\"cz_acc_child_content clr\">[vc_column_text]<\/p>\n<table style=\"width: 100%;\" border=\"0\" cellspacing=\"0\" cellpadding=\"0\">\n<tbody>\n<tr valign=\"top\" bgcolor=\"#d6d9d\">\n<td><strong>di\u00e2metro externo<\/strong><br \/>\nmm<\/td>\n<td><strong>toler\u00e2ncia<\/strong><br \/>\nmm<\/td>\n<td><strong>expessura da parede<\/strong><br \/>\nmm<\/td>\n<td><strong>toler\u00e2ncia<\/strong><br \/>\nmm<\/td>\n<\/tr>\n<tr bgcolor=\"#FFFFFF\">\n<td>4,00<\/td>\n<td>\u00b1 0,08<\/td>\n<td>0,64<\/td>\n<td>\u00b1 0,13<\/td>\n<\/tr>\n<tr bgcolor=\"#FFFFFF\">\n<td>4,76<\/td>\n<td>\u00b1 0,08<\/td>\n<td>0,71<\/td>\n<td>\u00b1 0,13<\/td>\n<\/tr>\n<tr bgcolor=\"#FFFFFF\">\n<td>6,00<\/td>\n<td>\u00b1 0,08<\/td>\n<td>0,71<\/td>\n<td>\u00b1 0,08<\/td>\n<\/tr>\n<tr bgcolor=\"#FFFFFF\">\n<td>6,35<\/td>\n<td>\u00b1 0,08<\/td>\n<td>0,71<\/td>\n<td>\u00b1 0,08<\/td>\n<\/tr>\n<tr bgcolor=\"#FFFFFF\">\n<td>7,94<\/td>\n<td>\u00b1 0,08<\/td>\n<td>0,71<\/td>\n<td>\u00b1 0,08<\/td>\n<\/tr>\n<tr bgcolor=\"#FFFFFF\">\n<td>9,52<\/td>\n<td style=\"border-left: #1d4375 1px solid;\">\u00b1 0,08<\/td>\n<td style=\"border-left: #1d4375 1px solid;\">0,71<\/td>\n<td style=\"border-left: #1d4375 1px solid;\">\u00b1 0,08<\/td>\n<\/tr>\n<\/tbody>\n<\/table>\n<p>[\/vc_column_text]<\/div><\/div><div id=\"\"><span class=\"cz_acc_child\"><div>CARACTER\u00cdSTICAS T\u00c9CNICAS<\/div><\/span><div class=\"cz_acc_child_content clr\">[vc_column_text]<\/p>\n<p class=\"testo\"><strong>Qualidade<\/strong><\/p>\n<p class=\"testo\">Tubo de a\u00e7o eletrosoldado de baixo carbono 1006\/1010(SAE J526)<\/p>\n<hr \/>\n<p class=\"testo\"><strong>Apar\u00eancia superficial<\/strong><\/p>\n<p class=\"testo\">Resist\u00eancia a salt spray:<br \/>\nASTM B117 (tubo zincado) \u2265 48 horas<\/p>\n<p class=\"testo\">O tubo l\u00facido \u00e9 fornecido com a superf\u00edcie exterior oleada<\/p>\n<p class=\"testo\">O tubo galvanizado recebe o processo de zincagem a fogo<\/p>\n<hr \/>\n<p class=\"testo\"><strong>Propriedades F\u00edsico-Qu\u00edmicas<\/strong><\/p>\n<p class=\"testo\"><strong>ASTM A254 e NBR 14666<\/strong><br \/>\nRes\u00edduo interno insol\u00favel m\u00e1x 12 mg\/sqm<\/p>\n<p class=\"testo\">Res\u00edduo interno sol\u00favel m\u00e1x 28 mg\/sqm<\/p>\n<p class=\"testo\">Res\u00edduo interno total m\u00e1x 40 mg\/sqm<\/p>\n<p class=\"testo\"><strong>NBR 14667<\/strong><br \/>\nUmidade interna m\u00e1x 50 mg\/l<\/p>\n<p class=\"testo\"><strong>NBR 14668<\/strong><br \/>\nReatividade qu\u00edmica<\/p>\n<p class=\"testo\"><strong>NBR 14669<\/strong><br \/>\nCompatibilidade com o g\u00e1s R134a m\u00e1x -36 \u00b0C<\/p>\n<hr \/>\n<p class=\"testo\"><strong>Propriedades Mec\u00e2nicas<\/strong><\/p>\n<p class=\"testo\">Resist\u00eancia \u00e0 ruptura \u2265 290 MPa<\/p>\n<p class=\"testo\">Limite de escoamento \u2265 170 MPa<\/p>\n<p class=\"testo\">Alongamento \u2265 14%<\/p>\n<p class=\"testo\">Dureza m\u00e1x 80 HR 15 T<\/p>\n<p class=\"testo\">Resist\u00eancia \u00e0 ruptura hidr\u00e1ulica \u2265 725 psi<\/p>\n<p class=\"testo\">Expans\u00e3o m\u00e1x 25%<\/p>\n<p>[\/vc_column_text]<\/div><\/div><div id=\"\"><span class=\"cz_acc_child\"><div>CONDI\u00c7\u00d5ES DE FORNECIMENTO<\/div><\/span><div class=\"cz_acc_child_content clr\">[vc_column_text]<\/p>\n<table id=\"supply_conditions\" style=\"width: 100%;\" border=\"0\" cellspacing=\"0\" cellpadding=\"0\">\n<tbody>\n<tr>\n<td align=\"left\">\n<ul>\n<li>Exig\u00eancias adicionais ou divergentes das presentes especifica\u00e7\u00f5es dever\u00e3o ser analisadas e acordadas previamente<\/li>\n<li>Tubos fornecidos em bobinas ou em barras<\/li>\n<\/ul>\n<\/td>\n<\/tr>\n<\/tbody>\n<\/table>\n<p>[\/vc_column_text]<\/div><\/div><\/div><\/div>[\/vc_column][vc_column width=&#8221;1\/2&#8243;][vc_row_inner el_id=&#8221;desk&#8221;][vc_column_inner width=&#8221;1\/4&#8243; css=&#8221;.vc_custom_1585563575399{margin-right: 0px !important;}&#8221;][vc_single_image image=&#8221;13515&#8243; img_size=&#8221;full&#8221; onclick=&#8221;custom_link&#8221; link=&#8221;https:\/\/marcegagliadobrasil.com\/wp-content\/uploads\/2024\/10\/Marcegaglia-do-Brasil-Refrigeration-tubes.pdf&#8221;][\/vc_column_inner][vc_column_inner width=&#8221;1\/4&#8243;][\/vc_column_inner][vc_column_inner width=&#8221;1\/4&#8243;][\/vc_column_inner][vc_column_inner width=&#8221;1\/4&#8243;][\/vc_column_inner][\/vc_row_inner][vc_empty_space height=&#8221;30px&#8221;]<div id=\"cz_77574\" class=\"cz_77574 slick arrows_mlr no_dots arrows_inner\" data-slick='{\"selector\":\"\",\"slidesToShow\":1,\"slidesToScroll\":1,\"rows\":1,\"fade\":true,\"vertical\":false,\"verticalSwiping\":false,\"infinite\":false,\"speed\":1000,\"swipeToSlide\":true,\"centerMode\":false,\"centerPadding\":\"\",\"variableWidth\":false,\"autoplay\":false,\"autoplaySpeed\":4000,\"dots\":true,\"counts\":false,\"adaptiveHeight\":false,\"responsive\":[{\"breakpoint\":769,\"settings\":{\"slidesToShow\":1,\"slidesToScroll\":1,\"infinite\":true,\"touchMove\":true}},{\"breakpoint\":481,\"settings\":{\"slidesToShow\":1,\"slidesToScroll\":1,\"infinite\":true,\"touchMove\":true}}]}' data-slick-prev=\"fa fa-chevron-left\" data-slick-next=\"fa fa-chevron-right\">[vc_single_image image=&#8221;13121&#8243; img_size=&#8221;full&#8221; alignment=&#8221;center&#8221;][vc_single_image image=&#8221;13123&#8243; img_size=&#8221;full&#8221; alignment=&#8221;center&#8221;][vc_single_image image=&#8221;13125&#8243; img_size=&#8221;full&#8221; alignment=&#8221;center&#8221;][vc_single_image image=&#8221;13127&#8243; img_size=&#8221;full&#8221; alignment=&#8221;center&#8221;][vc_single_image image=&#8221;13131&#8243; img_size=&#8221;full&#8221; alignment=&#8221;center&#8221;]<\/div><div><\/div>[vc_empty_space height=&#8221;40px&#8221;][vc_column_text]<\/p>\n<h4>Pedido de informa\u00e7\u00f5es<\/h4>\n<p>[\/vc_column_text][vc_empty_space height=&#8221;20px&#8221;]\n<div class=\"wpcf7 no-js\" id=\"wpcf7-f12763-o1\" lang=\"it-IT\" dir=\"ltr\" data-wpcf7-id=\"12763\">\n<div class=\"screen-reader-response\"><p role=\"status\" aria-live=\"polite\" aria-atomic=\"true\"><\/p> <ul><\/ul><\/div>\n<form action=\"\/pt-br\/wp-json\/wp\/v2\/pages\/12520#wpcf7-f12763-o1\" method=\"post\" class=\"wpcf7-form init\" aria-label=\"Modulo di contatto\" novalidate=\"novalidate\" data-status=\"init\">\n<fieldset class=\"hidden-fields-container\"><input type=\"hidden\" name=\"_wpcf7\" value=\"12763\" \/><input type=\"hidden\" name=\"_wpcf7_version\" value=\"6.1\" \/><input type=\"hidden\" name=\"_wpcf7_locale\" value=\"it_IT\" \/><input type=\"hidden\" name=\"_wpcf7_unit_tag\" value=\"wpcf7-f12763-o1\" \/><input type=\"hidden\" name=\"_wpcf7_container_post\" value=\"0\" \/><input type=\"hidden\" name=\"_wpcf7_posted_data_hash\" value=\"\" \/><input type=\"hidden\" name=\"_wpcf7_recaptcha_response\" value=\"\" \/>\n<\/fieldset>\n<div class=\"vc_row\">\n\t<div class=\"vc_col-md-6\">\n\t\t<p><span> Nome* <\/span><br \/>\n<span class=\"wpcf7-form-control-wrap\" data-name=\"your-name\"><input size=\"40\" maxlength=\"400\" class=\"wpcf7-form-control wpcf7-text wpcf7-validates-as-required\" aria-required=\"true\" aria-invalid=\"false\" value=\"\" type=\"text\" name=\"your-name\" \/><\/span>\n\t\t<\/p>\n\t<\/div>\n\t<div class=\"vc_col-md-6\">\n\t\t<p><span> Email* <\/span><br \/>\n<span class=\"wpcf7-form-control-wrap\" data-name=\"your-email\"><input size=\"40\" maxlength=\"400\" class=\"wpcf7-form-control wpcf7-email wpcf7-validates-as-required wpcf7-text wpcf7-validates-as-email\" aria-required=\"true\" aria-invalid=\"false\" value=\"\" type=\"email\" name=\"your-email\" \/><\/span>\n\t\t<\/p>\n\t<\/div>\n\t<div class=\"vc_col-md-12\">\n\t\t<p><span> Assunto <\/span><br \/>\n<span class=\"wpcf7-form-control-wrap\" data-name=\"your-subject\"><input size=\"40\" maxlength=\"400\" class=\"wpcf7-form-control wpcf7-text\" aria-invalid=\"false\" value=\"\" type=\"text\" name=\"your-subject\" \/><\/span>\n\t\t<\/p>\n\t<\/div>\n\t<div class=\"vc_col-md-12\">\n\t\t<p><span class=\"wpcf7-form-control-wrap\" data-name=\"your-message\"><textarea cols=\"40\" rows=\"10\" maxlength=\"2000\" class=\"wpcf7-form-control wpcf7-textarea\" aria-invalid=\"false\" placeholder=\"\" name=\"your-message\"><\/textarea><\/span>\n\t\t<\/p>\n\t<\/div>\n\t<div class=\"vc_col-md-12\">\n\t\t<p><input class=\"wpcf7-form-control wpcf7-submit has-spinner\" type=\"submit\" value=\"ENVIAR\" \/>\n\t\t<\/p>\n\t<\/div>\n<\/div><input type='hidden' class='wpcf7-pum' value='{\"closepopup\":false,\"closedelay\":0,\"openpopup\":false,\"openpopup_id\":0}' \/><div class=\"wpcf7-response-output\" aria-hidden=\"true\"><\/div>\n<\/form>\n<\/div>\n[\/vc_column][\/vc_row]<\/p>\n<\/div>","protected":false},"excerpt":{"rendered":"<p>[vc_row full_width=&#8221;stretch_row_content_no_spaces&#8221; css=&#8221;.vc_custom_1728486084608{margin-bottom: 2em !important;background-image: url(https:\/\/marcegagliadobrasil.com\/wp-content\/uploads\/2024\/10\/Marcegaglia-do-Brasil-refrigeration-tubes-header.jpg?id=14487) !important;background-position: center !important;background-repeat: no-repeat !important;background-size: &#8230; <\/p>\n","protected":false},"author":1,"featured_media":0,"parent":0,"menu_order":0,"comment_status":"closed","ping_status":"closed","template":"","meta":{"footnotes":""},"class_list":["post-12520","page","type-page","status-publish","hentry"],"yoast_head":"<!-- This site is optimized with the Yoast SEO plugin v27.3 - https:\/\/yoast.com\/product\/yoast-seo-wordpress\/ -->\n<title>Tubos de a\u00e7o carbono para refrigera\u00e7\u00e3o - Marcegaglia do Brasil<\/title>\n<meta name=\"robots\" content=\"index, follow, max-snippet:-1, max-image-preview:large, max-video-preview:-1\" \/>\n<link rel=\"canonical\" href=\"https:\/\/marcegagliadobrasil.com\/pt-br\/tubos-de-aco-carbono-para-refrigeracao\/\" \/>\n<meta property=\"og:locale\" content=\"pt_BR\" \/>\n<meta property=\"og:type\" content=\"article\" \/>\n<meta property=\"og:title\" content=\"Tubos de a\u00e7o carbono para refrigera\u00e7\u00e3o - Marcegaglia do Brasil\" \/>\n<meta property=\"og:description\" content=\"[vc_row full_width=&#8221;stretch_row_content_no_spaces&#8221; css=&#8221;.vc_custom_1728486084608{margin-bottom: 2em !important;background-image: url(https:\/\/marcegagliadobrasil.com\/wp-content\/uploads\/2024\/10\/Marcegaglia-do-Brasil-refrigeration-tubes-header.jpg?id=14487) !important;background-position: center !important;background-repeat: no-repeat !important;background-size: ...\" \/>\n<meta property=\"og:url\" content=\"https:\/\/marcegagliadobrasil.com\/pt-br\/tubos-de-aco-carbono-para-refrigeracao\/\" \/>\n<meta property=\"og:site_name\" content=\"Marcegaglia do Brasil\" \/>\n<meta property=\"article:modified_time\" content=\"2024-10-09T15:03:43+00:00\" \/>\n<meta name=\"twitter:card\" content=\"summary_large_image\" \/>\n<meta name=\"twitter:label1\" content=\"Est. tempo de leitura\" \/>\n\t<meta name=\"twitter:data1\" content=\"4 minutos\" \/>\n<script type=\"application\/ld+json\" class=\"yoast-schema-graph\">{\"@context\":\"https:\\\/\\\/schema.org\",\"@graph\":[{\"@type\":\"WebPage\",\"@id\":\"https:\\\/\\\/marcegagliadobrasil.com\\\/pt-br\\\/tubos-de-aco-carbono-para-refrigeracao\\\/\",\"url\":\"https:\\\/\\\/marcegagliadobrasil.com\\\/pt-br\\\/tubos-de-aco-carbono-para-refrigeracao\\\/\",\"name\":\"Tubos de a\u00e7o carbono para refrigera\u00e7\u00e3o - Marcegaglia do Brasil\",\"isPartOf\":{\"@id\":\"https:\\\/\\\/marcegagliadobrasil.com\\\/pt-br\\\/#website\"},\"datePublished\":\"2020-05-18T08:46:31+00:00\",\"dateModified\":\"2024-10-09T15:03:43+00:00\",\"breadcrumb\":{\"@id\":\"https:\\\/\\\/marcegagliadobrasil.com\\\/pt-br\\\/tubos-de-aco-carbono-para-refrigeracao\\\/#breadcrumb\"},\"inLanguage\":\"pt-BR\",\"potentialAction\":[{\"@type\":\"ReadAction\",\"target\":[\"https:\\\/\\\/marcegagliadobrasil.com\\\/pt-br\\\/tubos-de-aco-carbono-para-refrigeracao\\\/\"]}]},{\"@type\":\"BreadcrumbList\",\"@id\":\"https:\\\/\\\/marcegagliadobrasil.com\\\/pt-br\\\/tubos-de-aco-carbono-para-refrigeracao\\\/#breadcrumb\",\"itemListElement\":[{\"@type\":\"ListItem\",\"position\":1,\"name\":\"Home\",\"item\":\"https:\\\/\\\/marcegagliadobrasil.com\\\/pt-br\\\/\"},{\"@type\":\"ListItem\",\"position\":2,\"name\":\"Tubos de a\u00e7o carbono para refrigera\u00e7\u00e3o\"}]},{\"@type\":\"WebSite\",\"@id\":\"https:\\\/\\\/marcegagliadobrasil.com\\\/pt-br\\\/#website\",\"url\":\"https:\\\/\\\/marcegagliadobrasil.com\\\/pt-br\\\/\",\"name\":\"Marcegaglia do Brasil\",\"description\":\"We give shape to steel\",\"potentialAction\":[{\"@type\":\"SearchAction\",\"target\":{\"@type\":\"EntryPoint\",\"urlTemplate\":\"https:\\\/\\\/marcegagliadobrasil.com\\\/pt-br\\\/?s={search_term_string}\"},\"query-input\":{\"@type\":\"PropertyValueSpecification\",\"valueRequired\":true,\"valueName\":\"search_term_string\"}}],\"inLanguage\":\"pt-BR\"}]}<\/script>\n<!-- \/ Yoast SEO plugin. -->","yoast_head_json":{"title":"Tubos de a\u00e7o carbono para refrigera\u00e7\u00e3o - Marcegaglia do Brasil","robots":{"index":"index","follow":"follow","max-snippet":"max-snippet:-1","max-image-preview":"max-image-preview:large","max-video-preview":"max-video-preview:-1"},"canonical":"https:\/\/marcegagliadobrasil.com\/pt-br\/tubos-de-aco-carbono-para-refrigeracao\/","og_locale":"pt_BR","og_type":"article","og_title":"Tubos de a\u00e7o carbono para refrigera\u00e7\u00e3o - Marcegaglia do Brasil","og_description":"[vc_row full_width=&#8221;stretch_row_content_no_spaces&#8221; css=&#8221;.vc_custom_1728486084608{margin-bottom: 2em !important;background-image: url(https:\/\/marcegagliadobrasil.com\/wp-content\/uploads\/2024\/10\/Marcegaglia-do-Brasil-refrigeration-tubes-header.jpg?id=14487) !important;background-position: center !important;background-repeat: no-repeat !important;background-size: ...","og_url":"https:\/\/marcegagliadobrasil.com\/pt-br\/tubos-de-aco-carbono-para-refrigeracao\/","og_site_name":"Marcegaglia do Brasil","article_modified_time":"2024-10-09T15:03:43+00:00","twitter_card":"summary_large_image","twitter_misc":{"Est. tempo de leitura":"4 minutos"},"schema":{"@context":"https:\/\/schema.org","@graph":[{"@type":"WebPage","@id":"https:\/\/marcegagliadobrasil.com\/pt-br\/tubos-de-aco-carbono-para-refrigeracao\/","url":"https:\/\/marcegagliadobrasil.com\/pt-br\/tubos-de-aco-carbono-para-refrigeracao\/","name":"Tubos de a\u00e7o carbono para refrigera\u00e7\u00e3o - Marcegaglia do Brasil","isPartOf":{"@id":"https:\/\/marcegagliadobrasil.com\/pt-br\/#website"},"datePublished":"2020-05-18T08:46:31+00:00","dateModified":"2024-10-09T15:03:43+00:00","breadcrumb":{"@id":"https:\/\/marcegagliadobrasil.com\/pt-br\/tubos-de-aco-carbono-para-refrigeracao\/#breadcrumb"},"inLanguage":"pt-BR","potentialAction":[{"@type":"ReadAction","target":["https:\/\/marcegagliadobrasil.com\/pt-br\/tubos-de-aco-carbono-para-refrigeracao\/"]}]},{"@type":"BreadcrumbList","@id":"https:\/\/marcegagliadobrasil.com\/pt-br\/tubos-de-aco-carbono-para-refrigeracao\/#breadcrumb","itemListElement":[{"@type":"ListItem","position":1,"name":"Home","item":"https:\/\/marcegagliadobrasil.com\/pt-br\/"},{"@type":"ListItem","position":2,"name":"Tubos de a\u00e7o carbono para refrigera\u00e7\u00e3o"}]},{"@type":"WebSite","@id":"https:\/\/marcegagliadobrasil.com\/pt-br\/#website","url":"https:\/\/marcegagliadobrasil.com\/pt-br\/","name":"Marcegaglia do Brasil","description":"We give shape to steel","potentialAction":[{"@type":"SearchAction","target":{"@type":"EntryPoint","urlTemplate":"https:\/\/marcegagliadobrasil.com\/pt-br\/?s={search_term_string}"},"query-input":{"@type":"PropertyValueSpecification","valueRequired":true,"valueName":"search_term_string"}}],"inLanguage":"pt-BR"}]}},"_links":{"self":[{"href":"https:\/\/marcegagliadobrasil.com\/pt-br\/wp-json\/wp\/v2\/pages\/12520","targetHints":{"allow":["GET"]}}],"collection":[{"href":"https:\/\/marcegagliadobrasil.com\/pt-br\/wp-json\/wp\/v2\/pages"}],"about":[{"href":"https:\/\/marcegagliadobrasil.com\/pt-br\/wp-json\/wp\/v2\/types\/page"}],"author":[{"embeddable":true,"href":"https:\/\/marcegagliadobrasil.com\/pt-br\/wp-json\/wp\/v2\/users\/1"}],"replies":[{"embeddable":true,"href":"https:\/\/marcegagliadobrasil.com\/pt-br\/wp-json\/wp\/v2\/comments?post=12520"}],"version-history":[{"count":5,"href":"https:\/\/marcegagliadobrasil.com\/pt-br\/wp-json\/wp\/v2\/pages\/12520\/revisions"}],"predecessor-version":[{"id":14494,"href":"https:\/\/marcegagliadobrasil.com\/pt-br\/wp-json\/wp\/v2\/pages\/12520\/revisions\/14494"}],"wp:attachment":[{"href":"https:\/\/marcegagliadobrasil.com\/pt-br\/wp-json\/wp\/v2\/media?parent=12520"}],"curies":[{"name":"wp","href":"https:\/\/api.w.org\/{rel}","templated":true}]}}