{"id":12561,"date":"2020-05-18T12:16:35","date_gmt":"2020-05-18T12:16:35","guid":{"rendered":"https:\/\/marcegagliadobrasil.com\/cold-formed-sections\/"},"modified":"2024-10-09T16:22:51","modified_gmt":"2024-10-09T16:22:51","slug":"perfis-estruturais","status":"publish","type":"page","link":"https:\/\/marcegagliadobrasil.com\/pt-br\/perfis-estruturais\/","title":{"rendered":"Perfis estruturais"},"content":{"rendered":"<div class=\"wpb-content-wrapper\"><p>[vc_row full_width=&#8221;stretch_row_content_no_spaces&#8221; css=&#8221;.vc_custom_1591285618193{margin-bottom: 2em !important;background-image: url(https:\/\/marcegagliadobrasil.com\/wp-content\/uploads\/2020\/06\/Marcegaglia-do-Brasil-carbon-steel-cold-formed-section-1920&#215;306-1.jpg?id=13179) !important;background-position: center !important;background-repeat: no-repeat !important;background-size: cover !important;}&#8221; el_id=&#8221;desk&#8221;][vc_column css=&#8221;.vc_custom_1588591974425{padding-top: 10em !important;padding-bottom: 10em !important;background-position: center !important;background-repeat: no-repeat !important;background-size: cover !important;}&#8221; el_id=&#8221;desk&#8221; offset=&#8221;vc_hidden-sm vc_hidden-xs&#8221;][\/vc_column][\/vc_row][vc_row full_width=&#8221;stretch_row_content_no_spaces&#8221; css=&#8221;.vc_custom_1591285665121{margin-bottom: 2em !important;padding-top: 5em !important;padding-bottom: 5em !important;background-image: url(https:\/\/marcegagliadobrasil.com\/wp-content\/uploads\/2020\/06\/Marcegaglia-do-Brasil-carbon-steel-cold-formed-section-1400&#215;700-1.jpg?id=13181) !important;background-position: center !important;background-repeat: no-repeat !important;background-size: cover !important;}&#8221; el_id=&#8221;resp&#8221;][vc_column css=&#8221;.vc_custom_1588592239658{background-position: center !important;background-repeat: no-repeat !important;background-size: cover !important;}&#8221; el_id=&#8221;resp&#8221; offset=&#8221;vc_hidden-lg vc_hidden-md&#8221;][\/vc_column][\/vc_row][vc_row full_width=&#8221;stretch_row&#8221; css=&#8221;.vc_custom_1585049350308{margin-bottom: 2em !important;background-position: center !important;background-repeat: no-repeat !important;background-size: cover !important;}&#8221;][vc_column width=&#8221;1\/2&#8243;][vc_column_text]<\/p>\n<h2>PERFIS ESTRUTURAIS<\/h2>\n<p>[\/vc_column_text][vc_empty_space height=&#8221;20px&#8221;][vc_column_text]A Marcegaglia do Brasil fabrica uma ampla gama de <strong>perfis estruturais<\/strong> de acordo com os principais padr\u00f5es de fabrica\u00e7\u00e3o.[\/vc_column_text][vc_empty_space][vc_column_text]<\/p>\n<table style=\"width: 100%;\" border=\"0\" cellspacing=\"0\" cellpadding=\"0\">\n<tbody>\n<tr>\n<td style=\"text-align: left; color: #fff;\" colspan=\"2\" bgcolor=\"#36424a\"><strong>CAPACIDADE<\/strong><\/td>\n<\/tr>\n<tr>\n<td style=\"text-align: center;\" width=\"70%\"><strong>Min-M\u00e1x. Espessura (mm)<\/strong><\/td>\n<td style=\"text-align: center;\"><strong>2,00-3,75<br \/>\n<\/strong><\/td>\n<\/tr>\n<tr>\n<td style=\"text-align: center;\" width=\"70%\"><strong>Min-M\u00e1x. Largura (mm)<\/strong><\/td>\n<td style=\"text-align: center;\"><strong>50-150<br \/>\n<\/strong><\/td>\n<\/tr>\n<\/tbody>\n<\/table>\n<p>[\/vc_column_text][vc_empty_space][vc_row_inner el_id=&#8221;resp&#8221;][vc_column_inner width=&#8221;1\/4&#8243; offset=&#8221;vc_col-xs-3&#8243;][vc_single_image image=&#8221;13497&#8243; img_size=&#8221;full&#8221; onclick=&#8221;custom_link&#8221; img_link_target=&#8221;_blank&#8221; link=&#8221;https:\/\/marcegagliadobrasil.com\/wp-content\/uploads\/2024\/10\/Marcegaglia-do-Brasil-Cold-Formed-Sections.pdf&#8221;][\/vc_column_inner][vc_column_inner width=&#8221;1\/4&#8243; offset=&#8221;vc_col-xs-3&#8243;][\/vc_column_inner][vc_column_inner width=&#8221;1\/4&#8243;][\/vc_column_inner][vc_column_inner width=&#8221;1\/4&#8243;][\/vc_column_inner][\/vc_row_inner]<div id=\"cz_46269\" data-arrows='{\"open\":\"fa fa-angle-down\",\"close\":\"fa fa-angle-up\"}' class=\"cz_46269 cz_acc clr cz_acc_toggle\"><div><div id=\"\"><span class=\"cz_acc_child\"><div>NORMA - APLICA\u00c7\u00c3O<\/div><\/span><div class=\"cz_acc_child_content clr\">[vc_column_text]<\/p>\n<table id=\"manufacturing_table\" style=\"width: 100%;\" border=\"0\" cellspacing=\"0\" cellpadding=\"0\">\n<tbody>\n<tr>\n<td width=\"50%\"><strong>NBR 6355<\/strong><\/td>\n<td align=\"left\">Perfis estruturais de a\u00e7o formados a frio<\/td>\n<\/tr>\n<\/tbody>\n<\/table>\n<p>[\/vc_column_text]<\/div><\/div><div id=\"\"><span class=\"cz_acc_child\"><div>CARACTER\u00cdSTICAS T\u00c9CNICAS<\/div><\/span><div class=\"cz_acc_child_content clr\">[vc_column_text]<strong>Designa\u00e7\u00e3o<br \/>\n<\/strong>Forma\u00e7\u00e3o cont\u00ednua, perfilado a frio<\/p>\n<hr \/>\n<p class=\"testo\"><strong>Material<br \/>\n<\/strong>Material FQ \u2013 Fina Quente SAE 1006\/1010 (outros a\u00e7os sob consulta)<br \/>\nNorma standard <strong>NBR 6355<\/strong><\/p>\n<p>[\/vc_column_text]<\/div><\/div><\/div><\/div>[\/vc_column][vc_column width=&#8221;1\/2&#8243;][vc_row_inner el_id=&#8221;desk&#8221;][vc_column_inner width=&#8221;1\/4&#8243; offset=&#8221;vc_col-xs-3&#8243;][vc_single_image image=&#8221;13497&#8243; img_size=&#8221;full&#8221; onclick=&#8221;custom_link&#8221; img_link_target=&#8221;_blank&#8221; link=&#8221;https:\/\/marcegagliadobrasil.com\/wp-content\/uploads\/2024\/10\/Marcegaglia-do-Brasil-Cold-Formed-Sections.pdf&#8221;][\/vc_column_inner][vc_column_inner width=&#8221;1\/4&#8243; offset=&#8221;vc_col-xs-3&#8243;][\/vc_column_inner][vc_column_inner width=&#8221;1\/4&#8243;][\/vc_column_inner][vc_column_inner width=&#8221;1\/4&#8243;][\/vc_column_inner][\/vc_row_inner][vc_empty_space height=&#8221;30px&#8221;]<div id=\"cz_53510\" class=\"cz_53510 slick arrows_mlr no_dots arrows_inner\" data-slick='{\"selector\":\"\",\"slidesToShow\":1,\"slidesToScroll\":1,\"rows\":1,\"fade\":true,\"vertical\":false,\"verticalSwiping\":false,\"infinite\":false,\"speed\":1000,\"swipeToSlide\":true,\"centerMode\":false,\"centerPadding\":\"\",\"variableWidth\":false,\"autoplay\":false,\"autoplaySpeed\":4000,\"dots\":true,\"counts\":false,\"adaptiveHeight\":false,\"responsive\":[{\"breakpoint\":769,\"settings\":{\"slidesToShow\":1,\"slidesToScroll\":1,\"infinite\":true,\"touchMove\":true}},{\"breakpoint\":481,\"settings\":{\"slidesToShow\":1,\"slidesToScroll\":1,\"infinite\":true,\"touchMove\":true}}]}' data-slick-prev=\"fa fa-chevron-left\" data-slick-next=\"fa fa-chevron-right\">[vc_single_image image=&#8221;13185&#8243; img_size=&#8221;full&#8221;][vc_single_image image=&#8221;13187&#8243; img_size=&#8221;full&#8221;][vc_single_image image=&#8221;13189&#8243; img_size=&#8221;full&#8221;][vc_single_image image=&#8221;13191&#8243; img_size=&#8221;full&#8221;][vc_single_image image=&#8221;13193&#8243; img_size=&#8221;full&#8221;][vc_single_image image=&#8221;13195&#8243; img_size=&#8221;full&#8221;]<\/div><div><\/div>[vc_empty_space height=&#8221;30px&#8221;][vc_column_text]<\/p>\n<h4>Pedido de informa\u00e7\u00f5es<\/h4>\n<p>[\/vc_column_text][vc_empty_space height=&#8221;30px&#8221;]\n<div class=\"wpcf7 no-js\" id=\"wpcf7-f12763-o1\" lang=\"it-IT\" dir=\"ltr\" data-wpcf7-id=\"12763\">\n<div class=\"screen-reader-response\"><p role=\"status\" aria-live=\"polite\" aria-atomic=\"true\"><\/p> <ul><\/ul><\/div>\n<form action=\"\/pt-br\/wp-json\/wp\/v2\/pages\/12561#wpcf7-f12763-o1\" method=\"post\" class=\"wpcf7-form init\" aria-label=\"Modulo di contatto\" novalidate=\"novalidate\" data-status=\"init\">\n<fieldset class=\"hidden-fields-container\"><input type=\"hidden\" name=\"_wpcf7\" value=\"12763\" \/><input type=\"hidden\" name=\"_wpcf7_version\" value=\"6.1\" \/><input type=\"hidden\" name=\"_wpcf7_locale\" value=\"it_IT\" \/><input type=\"hidden\" name=\"_wpcf7_unit_tag\" value=\"wpcf7-f12763-o1\" \/><input type=\"hidden\" name=\"_wpcf7_container_post\" value=\"0\" \/><input type=\"hidden\" name=\"_wpcf7_posted_data_hash\" value=\"\" \/><input type=\"hidden\" name=\"_wpcf7_recaptcha_response\" value=\"\" \/>\n<\/fieldset>\n<div class=\"vc_row\">\n\t<div class=\"vc_col-md-6\">\n\t\t<p><span> Nome* <\/span><br \/>\n<span class=\"wpcf7-form-control-wrap\" data-name=\"your-name\"><input size=\"40\" maxlength=\"400\" class=\"wpcf7-form-control wpcf7-text wpcf7-validates-as-required\" aria-required=\"true\" aria-invalid=\"false\" value=\"\" type=\"text\" name=\"your-name\" \/><\/span>\n\t\t<\/p>\n\t<\/div>\n\t<div class=\"vc_col-md-6\">\n\t\t<p><span> Email* <\/span><br \/>\n<span class=\"wpcf7-form-control-wrap\" data-name=\"your-email\"><input size=\"40\" maxlength=\"400\" class=\"wpcf7-form-control wpcf7-email wpcf7-validates-as-required wpcf7-text wpcf7-validates-as-email\" aria-required=\"true\" aria-invalid=\"false\" value=\"\" type=\"email\" name=\"your-email\" \/><\/span>\n\t\t<\/p>\n\t<\/div>\n\t<div class=\"vc_col-md-12\">\n\t\t<p><span> Assunto <\/span><br \/>\n<span class=\"wpcf7-form-control-wrap\" data-name=\"your-subject\"><input size=\"40\" maxlength=\"400\" class=\"wpcf7-form-control wpcf7-text\" aria-invalid=\"false\" value=\"\" type=\"text\" name=\"your-subject\" \/><\/span>\n\t\t<\/p>\n\t<\/div>\n\t<div class=\"vc_col-md-12\">\n\t\t<p><span class=\"wpcf7-form-control-wrap\" data-name=\"your-message\"><textarea cols=\"40\" rows=\"10\" maxlength=\"2000\" class=\"wpcf7-form-control wpcf7-textarea\" aria-invalid=\"false\" placeholder=\"\" name=\"your-message\"><\/textarea><\/span>\n\t\t<\/p>\n\t<\/div>\n\t<div class=\"vc_col-md-12\">\n\t\t<p><input class=\"wpcf7-form-control wpcf7-submit has-spinner\" type=\"submit\" value=\"ENVIAR\" \/>\n\t\t<\/p>\n\t<\/div>\n<\/div><input type='hidden' class='wpcf7-pum' value='{\"closepopup\":false,\"closedelay\":0,\"openpopup\":false,\"openpopup_id\":0}' \/><div class=\"wpcf7-response-output\" aria-hidden=\"true\"><\/div>\n<\/form>\n<\/div>\n[\/vc_column][\/vc_row]<\/p>\n<\/div>","protected":false},"excerpt":{"rendered":"<p>[vc_row full_width=&#8221;stretch_row_content_no_spaces&#8221; css=&#8221;.vc_custom_1591285618193{margin-bottom: 2em !important;background-image: url(https:\/\/marcegagliadobrasil.com\/wp-content\/uploads\/2020\/06\/Marcegaglia-do-Brasil-carbon-steel-cold-formed-section-1920&#215;306-1.jpg?id=13179) !important;background-position: center !important;background-repeat: no-repeat !important;background-size: &#8230; <\/p>\n","protected":false},"author":1,"featured_media":0,"parent":0,"menu_order":0,"comment_status":"closed","ping_status":"closed","template":"","meta":{"footnotes":""},"class_list":["post-12561","page","type-page","status-publish","hentry"],"yoast_head":"<!-- This site is optimized with the Yoast SEO plugin v27.3 - https:\/\/yoast.com\/product\/yoast-seo-wordpress\/ -->\n<title>Perfis estruturais - Marcegaglia do Brasil<\/title>\n<meta name=\"robots\" content=\"index, follow, max-snippet:-1, max-image-preview:large, max-video-preview:-1\" \/>\n<link rel=\"canonical\" href=\"https:\/\/marcegagliadobrasil.com\/pt-br\/perfis-estruturais\/\" \/>\n<meta property=\"og:locale\" content=\"pt_BR\" \/>\n<meta property=\"og:type\" content=\"article\" \/>\n<meta property=\"og:title\" content=\"Perfis estruturais - Marcegaglia do Brasil\" \/>\n<meta property=\"og:description\" content=\"[vc_row full_width=&#8221;stretch_row_content_no_spaces&#8221; css=&#8221;.vc_custom_1591285618193{margin-bottom: 2em !important;background-image: url(https:\/\/marcegagliadobrasil.com\/wp-content\/uploads\/2020\/06\/Marcegaglia-do-Brasil-carbon-steel-cold-formed-section-1920&#215;306-1.jpg?id=13179) !important;background-position: center !important;background-repeat: no-repeat !important;background-size: ...\" \/>\n<meta property=\"og:url\" content=\"https:\/\/marcegagliadobrasil.com\/pt-br\/perfis-estruturais\/\" \/>\n<meta property=\"og:site_name\" content=\"Marcegaglia do Brasil\" \/>\n<meta property=\"article:modified_time\" content=\"2024-10-09T16:22:51+00:00\" \/>\n<meta name=\"twitter:card\" content=\"summary_large_image\" \/>\n<meta name=\"twitter:label1\" content=\"Est. tempo de leitura\" \/>\n\t<meta name=\"twitter:data1\" content=\"3 minutos\" \/>\n<script type=\"application\/ld+json\" class=\"yoast-schema-graph\">{\"@context\":\"https:\\\/\\\/schema.org\",\"@graph\":[{\"@type\":\"WebPage\",\"@id\":\"https:\\\/\\\/marcegagliadobrasil.com\\\/pt-br\\\/perfis-estruturais\\\/\",\"url\":\"https:\\\/\\\/marcegagliadobrasil.com\\\/pt-br\\\/perfis-estruturais\\\/\",\"name\":\"Perfis estruturais - Marcegaglia do Brasil\",\"isPartOf\":{\"@id\":\"https:\\\/\\\/marcegagliadobrasil.com\\\/pt-br\\\/#website\"},\"datePublished\":\"2020-05-18T12:16:35+00:00\",\"dateModified\":\"2024-10-09T16:22:51+00:00\",\"breadcrumb\":{\"@id\":\"https:\\\/\\\/marcegagliadobrasil.com\\\/pt-br\\\/perfis-estruturais\\\/#breadcrumb\"},\"inLanguage\":\"pt-BR\",\"potentialAction\":[{\"@type\":\"ReadAction\",\"target\":[\"https:\\\/\\\/marcegagliadobrasil.com\\\/pt-br\\\/perfis-estruturais\\\/\"]}]},{\"@type\":\"BreadcrumbList\",\"@id\":\"https:\\\/\\\/marcegagliadobrasil.com\\\/pt-br\\\/perfis-estruturais\\\/#breadcrumb\",\"itemListElement\":[{\"@type\":\"ListItem\",\"position\":1,\"name\":\"Home\",\"item\":\"https:\\\/\\\/marcegagliadobrasil.com\\\/pt-br\\\/\"},{\"@type\":\"ListItem\",\"position\":2,\"name\":\"Perfis estruturais\"}]},{\"@type\":\"WebSite\",\"@id\":\"https:\\\/\\\/marcegagliadobrasil.com\\\/pt-br\\\/#website\",\"url\":\"https:\\\/\\\/marcegagliadobrasil.com\\\/pt-br\\\/\",\"name\":\"Marcegaglia do Brasil\",\"description\":\"We give shape to steel\",\"potentialAction\":[{\"@type\":\"SearchAction\",\"target\":{\"@type\":\"EntryPoint\",\"urlTemplate\":\"https:\\\/\\\/marcegagliadobrasil.com\\\/pt-br\\\/?s={search_term_string}\"},\"query-input\":{\"@type\":\"PropertyValueSpecification\",\"valueRequired\":true,\"valueName\":\"search_term_string\"}}],\"inLanguage\":\"pt-BR\"}]}<\/script>\n<!-- \/ Yoast SEO plugin. -->","yoast_head_json":{"title":"Perfis estruturais - Marcegaglia do Brasil","robots":{"index":"index","follow":"follow","max-snippet":"max-snippet:-1","max-image-preview":"max-image-preview:large","max-video-preview":"max-video-preview:-1"},"canonical":"https:\/\/marcegagliadobrasil.com\/pt-br\/perfis-estruturais\/","og_locale":"pt_BR","og_type":"article","og_title":"Perfis estruturais - Marcegaglia do Brasil","og_description":"[vc_row full_width=&#8221;stretch_row_content_no_spaces&#8221; css=&#8221;.vc_custom_1591285618193{margin-bottom: 2em !important;background-image: url(https:\/\/marcegagliadobrasil.com\/wp-content\/uploads\/2020\/06\/Marcegaglia-do-Brasil-carbon-steel-cold-formed-section-1920&#215;306-1.jpg?id=13179) !important;background-position: center !important;background-repeat: no-repeat !important;background-size: ...","og_url":"https:\/\/marcegagliadobrasil.com\/pt-br\/perfis-estruturais\/","og_site_name":"Marcegaglia do Brasil","article_modified_time":"2024-10-09T16:22:51+00:00","twitter_card":"summary_large_image","twitter_misc":{"Est. tempo de leitura":"3 minutos"},"schema":{"@context":"https:\/\/schema.org","@graph":[{"@type":"WebPage","@id":"https:\/\/marcegagliadobrasil.com\/pt-br\/perfis-estruturais\/","url":"https:\/\/marcegagliadobrasil.com\/pt-br\/perfis-estruturais\/","name":"Perfis estruturais - Marcegaglia do Brasil","isPartOf":{"@id":"https:\/\/marcegagliadobrasil.com\/pt-br\/#website"},"datePublished":"2020-05-18T12:16:35+00:00","dateModified":"2024-10-09T16:22:51+00:00","breadcrumb":{"@id":"https:\/\/marcegagliadobrasil.com\/pt-br\/perfis-estruturais\/#breadcrumb"},"inLanguage":"pt-BR","potentialAction":[{"@type":"ReadAction","target":["https:\/\/marcegagliadobrasil.com\/pt-br\/perfis-estruturais\/"]}]},{"@type":"BreadcrumbList","@id":"https:\/\/marcegagliadobrasil.com\/pt-br\/perfis-estruturais\/#breadcrumb","itemListElement":[{"@type":"ListItem","position":1,"name":"Home","item":"https:\/\/marcegagliadobrasil.com\/pt-br\/"},{"@type":"ListItem","position":2,"name":"Perfis estruturais"}]},{"@type":"WebSite","@id":"https:\/\/marcegagliadobrasil.com\/pt-br\/#website","url":"https:\/\/marcegagliadobrasil.com\/pt-br\/","name":"Marcegaglia do Brasil","description":"We give shape to steel","potentialAction":[{"@type":"SearchAction","target":{"@type":"EntryPoint","urlTemplate":"https:\/\/marcegagliadobrasil.com\/pt-br\/?s={search_term_string}"},"query-input":{"@type":"PropertyValueSpecification","valueRequired":true,"valueName":"search_term_string"}}],"inLanguage":"pt-BR"}]}},"_links":{"self":[{"href":"https:\/\/marcegagliadobrasil.com\/pt-br\/wp-json\/wp\/v2\/pages\/12561","targetHints":{"allow":["GET"]}}],"collection":[{"href":"https:\/\/marcegagliadobrasil.com\/pt-br\/wp-json\/wp\/v2\/pages"}],"about":[{"href":"https:\/\/marcegagliadobrasil.com\/pt-br\/wp-json\/wp\/v2\/types\/page"}],"author":[{"embeddable":true,"href":"https:\/\/marcegagliadobrasil.com\/pt-br\/wp-json\/wp\/v2\/users\/1"}],"replies":[{"embeddable":true,"href":"https:\/\/marcegagliadobrasil.com\/pt-br\/wp-json\/wp\/v2\/comments?post=12561"}],"version-history":[{"count":5,"href":"https:\/\/marcegagliadobrasil.com\/pt-br\/wp-json\/wp\/v2\/pages\/12561\/revisions"}],"predecessor-version":[{"id":14520,"href":"https:\/\/marcegagliadobrasil.com\/pt-br\/wp-json\/wp\/v2\/pages\/12561\/revisions\/14520"}],"wp:attachment":[{"href":"https:\/\/marcegagliadobrasil.com\/pt-br\/wp-json\/wp\/v2\/media?parent=12561"}],"curies":[{"name":"wp","href":"https:\/\/api.w.org\/{rel}","templated":true}]}}