{"id":12721,"date":"2020-04-22T09:57:33","date_gmt":"2020-04-22T09:57:33","guid":{"rendered":"https:\/\/marcegagliadobrasil.com\/certifications\/"},"modified":"2024-01-18T08:44:36","modified_gmt":"2024-01-18T08:44:36","slug":"qualidade-e-servico","status":"publish","type":"page","link":"https:\/\/marcegagliadobrasil.com\/pt-br\/qualidade-e-servico\/","title":{"rendered":"Qualidade e Servi\u00e7o"},"content":{"rendered":"<div class=\"wpb-content-wrapper\"><p>[vc_row full_width=&#8221;stretch_row_content_no_spaces&#8221; css=&#8221;.vc_custom_1588595819569{margin-bottom: 2em !important;background-image: url(https:\/\/marcegagliadobrasil.com\/wp-content\/uploads\/2020\/04\/marcegaglia-poland-metal-building-product-certifications-banner-1920&#215;306-1.jpg?id=10807) !important;background-position: center !important;background-repeat: no-repeat !important;background-size: cover !important;}&#8221; el_id=&#8221;desk&#8221;][vc_column css=&#8221;.vc_custom_1588591974425{padding-top: 10em !important;padding-bottom: 10em !important;background-position: center !important;background-repeat: no-repeat !important;background-size: cover !important;}&#8221; el_id=&#8221;desk&#8221; offset=&#8221;vc_hidden-sm vc_hidden-xs&#8221;][\/vc_column][\/vc_row][vc_row full_width=&#8221;stretch_row_content_no_spaces&#8221; css=&#8221;.vc_custom_1588595798188{margin-bottom: 2em !important;padding-top: 5em !important;padding-bottom: 5em !important;background-image: url(https:\/\/marcegagliadobrasil.com\/wp-content\/uploads\/2020\/05\/marcegaglia-poland-metal-building-product-certifications-banner-1400&#215;700.jpg) !important;background-position: center !important;background-repeat: no-repeat !important;background-size: cover !important;}&#8221; el_id=&#8221;resp&#8221;][vc_column css=&#8221;.vc_custom_1588592239658{background-position: center !important;background-repeat: no-repeat !important;background-size: cover !important;}&#8221; el_id=&#8221;resp&#8221; offset=&#8221;vc_hidden-lg vc_hidden-md&#8221;][\/vc_column][\/vc_row][vc_row css=&#8221;.vc_custom_1587744290404{padding-bottom: 2em !important;}&#8221;][vc_column width=&#8221;1\/2&#8243;][vc_column_text]<\/p>\n<h2>POLITICA DA QUALIDADE E AMBIENTAL<\/h2>\n<p>[\/vc_column_text][vc_empty_space height=&#8221;20px&#8221;][vc_column_text]Todos os dias, a Marcegaglia demonstra constante aten\u00e7\u00e3o \u00e0 sustentabilidade, para al\u00e9m de compet\u00eancias e conhecimento produtivo: o controlo de custos, a efici\u00eancia energ\u00e9tica e o cuidado ambiental s\u00e3o expressos atrav\u00e9s da utiliza\u00e7\u00e3o de energias alternativas, recupera\u00e7\u00e3o energ\u00e9tica de produ\u00e7\u00e3o e redu\u00e7\u00e3o de res\u00edduos, algo que se tornou um valor bastante enraizado para a Marcegaglia, o que faz do grupo um modelo de empresa sustent\u00e1vel.<\/p>\n<p>A Marcegaglia do Brasil desenvolve e disponibiliza ao mercado<br \/>\nprodutos de alto padr\u00e3o de qualidade reconhecidos com<br \/>\nas seguintes certifica\u00e7\u00f5es:[\/vc_column_text][vc_row_inner content_placement=&#8221;middle&#8221;][vc_column_inner width=&#8221;1\/6&#8243;][vc_single_image image=&#8221;12725&#8243; img_size=&#8221;full&#8221; onclick=&#8221;custom_link&#8221; img_link_target=&#8221;_blank&#8221; link=&#8221;https:\/\/marcegagliadobrasil.com\/wp-content\/uploads\/2020\/10\/Certificado-ISO-9001.pdf&#8221;][\/vc_column_inner][vc_column_inner width=&#8221;5\/6&#8243;][vc_column_text]<\/p>\n<div class=\"testo cookie-testo\"><a href=\"https:\/\/marcegagliadobrasil.com\/wp-content\/uploads\/2020\/10\/Certificado-ISO-9001.pdf\"><strong><span class=\"testo\">Certificate ISO 9001:2015<\/span><\/strong><\/a><\/div>\n<p>[\/vc_column_text][\/vc_column_inner][\/vc_row_inner][vc_row_inner content_placement=&#8221;middle&#8221;][vc_column_inner width=&#8221;1\/6&#8243;][vc_single_image image=&#8221;12725&#8243; img_size=&#8221;full&#8221; onclick=&#8221;custom_link&#8221; img_link_target=&#8221;_blank&#8221; link=&#8221;https:\/\/marcegagliadobrasil.com\/wp-content\/uploads\/2020\/10\/Certificado-ISO-14001.pdf&#8221;][\/vc_column_inner][vc_column_inner width=&#8221;5\/6&#8243;][vc_column_text]<\/p>\n<div class=\"testo cookie-testo\"><a href=\"https:\/\/marcegagliadobrasil.com\/wp-content\/uploads\/2020\/10\/Certificado-ISO-14001.pdf\"><strong><span class=\"testo\">Certificate ISO 14001:2015<\/span><\/strong><\/a><\/div>\n<p>[\/vc_column_text][\/vc_column_inner][\/vc_row_inner][vc_row_inner content_placement=&#8221;middle&#8221;][vc_column_inner width=&#8221;1\/6&#8243;][vc_single_image image=&#8221;12725&#8243; img_size=&#8221;full&#8221; onclick=&#8221;custom_link&#8221; img_link_target=&#8221;_blank&#8221; link=&#8221;https:\/\/marcegagliadobrasil.com\/wp-content\/uploads\/2021\/10\/BR34549001-UC-5_Marcegaglia-04_12_2020.pdf&#8221;][\/vc_column_inner][vc_column_inner width=&#8221;5\/6&#8243;][vc_column_text]<\/p>\n<div class=\"testo cookie-testo\"><a href=\"https:\/\/marcegagliadobrasil.com\/wp-content\/uploads\/2024\/01\/Certificado-ABNT-NBR-5590-2015.pdf\" target=\"_blank\" rel=\"noopener\"><strong><span class=\"testo\"> Certificado ABNT NBR 5590<\/span><\/strong><\/a><\/div>\n<p>[\/vc_column_text][\/vc_column_inner][\/vc_row_inner][vc_row_inner content_placement=&#8221;middle&#8221;][vc_column_inner width=&#8221;1\/6&#8243;][vc_single_image image=&#8221;12725&#8243; img_size=&#8221;full&#8221; onclick=&#8221;custom_link&#8221; img_link_target=&#8221;_blank&#8221; link=&#8221;https:\/\/marcegagliadobrasil.com\/wp-content\/uploads\/2021\/10\/BR34549002-UC-1_Marcegaglia-04_12_2020.pdf&#8221;][\/vc_column_inner][vc_column_inner width=&#8221;5\/6&#8243;][vc_column_text]<\/p>\n<div class=\"testo cookie-testo\"><a href=\"https:\/\/marcegagliadobrasil.com\/wp-content\/uploads\/2024\/01\/Certificado-ABNT-NBR-5580-2015.pdf\" target=\"_blank\" rel=\"noopener\"><strong><span class=\"testo\"> Certificado ABNT NBR 5580<\/span><\/strong><\/a><\/div>\n<p>[\/vc_column_text][\/vc_column_inner][\/vc_row_inner][\/vc_column][vc_column width=&#8221;1\/2&#8243;][vc_column_text]<\/p>\n<h2>TESTES<\/h2>\n<p>[\/vc_column_text][vc_empty_space height=&#8221;20px&#8221;][vc_column_text]<strong>TESTES NA LINHA DE PRODU\u00c7\u00c3O<\/strong><\/p>\n<ul>\n<li>Corrente parasita<\/li>\n<li>Visual Dimensional<\/li>\n<li>Expans\u00e3o<\/li>\n<li>Bordeamento<\/li>\n<li>Achatamento<\/li>\n<li>Tor\u00e7\u00e3o<\/li>\n<li>Estanqueidade<\/li>\n<li>Retilineidade<\/li>\n<\/ul>\n<p>[\/vc_column_text][vc_column_text]<strong>TESTES EM LABORAT\u00d3RIO<\/strong><\/p>\n<ul>\n<li>Tra\u00e7\u00e3o<\/li>\n<li>Alongamento<\/li>\n<li>Embutimento<\/li>\n<li>Dureza<\/li>\n<li>Visual<\/li>\n<li>Dimensional<\/li>\n<li>Rugosidade<\/li>\n<li>C\u00e2mara salina<\/li>\n<li>C\u00e2mara \u00famida<\/li>\n<li>Umidade interna<\/li>\n<li>Res\u00edduo interno sol\u00favel<\/li>\n<li>Res\u00edduo interno insol\u00favel<\/li>\n<li>Compatibilidade com o g\u00e1s R134a<\/li>\n<li>Metalogr\u00e1fico<\/li>\n<li>An\u00e1lise qu\u00edmica de identifica\u00e7\u00e3o de at\u00e9 30 elementos<\/li>\n<\/ul>\n<p>[\/vc_column_text][\/vc_column][\/vc_row]<\/p>\n<\/div>","protected":false},"excerpt":{"rendered":"<p>[vc_row full_width=&#8221;stretch_row_content_no_spaces&#8221; css=&#8221;.vc_custom_1588595819569{margin-bottom: 2em !important;background-image: url(https:\/\/marcegagliadobrasil.com\/wp-content\/uploads\/2020\/04\/marcegaglia-poland-metal-building-product-certifications-banner-1920&#215;306-1.jpg?id=10807) !important;background-position: center !important;background-repeat: no-repeat !important;background-size: &#8230; <\/p>\n","protected":false},"author":1,"featured_media":0,"parent":0,"menu_order":0,"comment_status":"closed","ping_status":"closed","template":"","meta":{"footnotes":""},"class_list":["post-12721","page","type-page","status-publish","hentry"],"yoast_head":"<!-- This site is optimized with the Yoast SEO plugin v27.3 - https:\/\/yoast.com\/product\/yoast-seo-wordpress\/ -->\n<title>Qualidade e Servi\u00e7o - Marcegaglia do Brasil<\/title>\n<meta name=\"robots\" content=\"index, follow, max-snippet:-1, max-image-preview:large, max-video-preview:-1\" \/>\n<link rel=\"canonical\" href=\"https:\/\/marcegagliadobrasil.com\/pt-br\/qualidade-e-servico\/\" \/>\n<meta property=\"og:locale\" content=\"pt_BR\" \/>\n<meta property=\"og:type\" content=\"article\" \/>\n<meta property=\"og:title\" content=\"Qualidade e Servi\u00e7o - Marcegaglia do Brasil\" \/>\n<meta property=\"og:description\" content=\"[vc_row full_width=&#8221;stretch_row_content_no_spaces&#8221; css=&#8221;.vc_custom_1588595819569{margin-bottom: 2em !important;background-image: url(https:\/\/marcegagliadobrasil.com\/wp-content\/uploads\/2020\/04\/marcegaglia-poland-metal-building-product-certifications-banner-1920&#215;306-1.jpg?id=10807) !important;background-position: center !important;background-repeat: no-repeat !important;background-size: ...\" \/>\n<meta property=\"og:url\" content=\"https:\/\/marcegagliadobrasil.com\/pt-br\/qualidade-e-servico\/\" \/>\n<meta property=\"og:site_name\" content=\"Marcegaglia do Brasil\" \/>\n<meta property=\"article:modified_time\" content=\"2024-01-18T08:44:36+00:00\" \/>\n<meta name=\"twitter:card\" content=\"summary_large_image\" \/>\n<meta name=\"twitter:label1\" content=\"Est. tempo de leitura\" \/>\n\t<meta name=\"twitter:data1\" content=\"2 minutos\" \/>\n<script type=\"application\/ld+json\" class=\"yoast-schema-graph\">{\"@context\":\"https:\\\/\\\/schema.org\",\"@graph\":[{\"@type\":\"WebPage\",\"@id\":\"https:\\\/\\\/marcegagliadobrasil.com\\\/pt-br\\\/qualidade-e-servico\\\/\",\"url\":\"https:\\\/\\\/marcegagliadobrasil.com\\\/pt-br\\\/qualidade-e-servico\\\/\",\"name\":\"Qualidade e Servi\u00e7o - Marcegaglia do Brasil\",\"isPartOf\":{\"@id\":\"https:\\\/\\\/marcegagliadobrasil.com\\\/pt-br\\\/#website\"},\"datePublished\":\"2020-04-22T09:57:33+00:00\",\"dateModified\":\"2024-01-18T08:44:36+00:00\",\"breadcrumb\":{\"@id\":\"https:\\\/\\\/marcegagliadobrasil.com\\\/pt-br\\\/qualidade-e-servico\\\/#breadcrumb\"},\"inLanguage\":\"pt-BR\",\"potentialAction\":[{\"@type\":\"ReadAction\",\"target\":[\"https:\\\/\\\/marcegagliadobrasil.com\\\/pt-br\\\/qualidade-e-servico\\\/\"]}]},{\"@type\":\"BreadcrumbList\",\"@id\":\"https:\\\/\\\/marcegagliadobrasil.com\\\/pt-br\\\/qualidade-e-servico\\\/#breadcrumb\",\"itemListElement\":[{\"@type\":\"ListItem\",\"position\":1,\"name\":\"Home\",\"item\":\"https:\\\/\\\/marcegagliadobrasil.com\\\/pt-br\\\/\"},{\"@type\":\"ListItem\",\"position\":2,\"name\":\"Qualidade e Servi\u00e7o\"}]},{\"@type\":\"WebSite\",\"@id\":\"https:\\\/\\\/marcegagliadobrasil.com\\\/pt-br\\\/#website\",\"url\":\"https:\\\/\\\/marcegagliadobrasil.com\\\/pt-br\\\/\",\"name\":\"Marcegaglia do Brasil\",\"description\":\"We give shape to steel\",\"potentialAction\":[{\"@type\":\"SearchAction\",\"target\":{\"@type\":\"EntryPoint\",\"urlTemplate\":\"https:\\\/\\\/marcegagliadobrasil.com\\\/pt-br\\\/?s={search_term_string}\"},\"query-input\":{\"@type\":\"PropertyValueSpecification\",\"valueRequired\":true,\"valueName\":\"search_term_string\"}}],\"inLanguage\":\"pt-BR\"}]}<\/script>\n<!-- \/ Yoast SEO plugin. -->","yoast_head_json":{"title":"Qualidade e Servi\u00e7o - Marcegaglia do Brasil","robots":{"index":"index","follow":"follow","max-snippet":"max-snippet:-1","max-image-preview":"max-image-preview:large","max-video-preview":"max-video-preview:-1"},"canonical":"https:\/\/marcegagliadobrasil.com\/pt-br\/qualidade-e-servico\/","og_locale":"pt_BR","og_type":"article","og_title":"Qualidade e Servi\u00e7o - Marcegaglia do Brasil","og_description":"[vc_row full_width=&#8221;stretch_row_content_no_spaces&#8221; css=&#8221;.vc_custom_1588595819569{margin-bottom: 2em !important;background-image: url(https:\/\/marcegagliadobrasil.com\/wp-content\/uploads\/2020\/04\/marcegaglia-poland-metal-building-product-certifications-banner-1920&#215;306-1.jpg?id=10807) !important;background-position: center !important;background-repeat: no-repeat !important;background-size: ...","og_url":"https:\/\/marcegagliadobrasil.com\/pt-br\/qualidade-e-servico\/","og_site_name":"Marcegaglia do Brasil","article_modified_time":"2024-01-18T08:44:36+00:00","twitter_card":"summary_large_image","twitter_misc":{"Est. tempo de leitura":"2 minutos"},"schema":{"@context":"https:\/\/schema.org","@graph":[{"@type":"WebPage","@id":"https:\/\/marcegagliadobrasil.com\/pt-br\/qualidade-e-servico\/","url":"https:\/\/marcegagliadobrasil.com\/pt-br\/qualidade-e-servico\/","name":"Qualidade e Servi\u00e7o - Marcegaglia do Brasil","isPartOf":{"@id":"https:\/\/marcegagliadobrasil.com\/pt-br\/#website"},"datePublished":"2020-04-22T09:57:33+00:00","dateModified":"2024-01-18T08:44:36+00:00","breadcrumb":{"@id":"https:\/\/marcegagliadobrasil.com\/pt-br\/qualidade-e-servico\/#breadcrumb"},"inLanguage":"pt-BR","potentialAction":[{"@type":"ReadAction","target":["https:\/\/marcegagliadobrasil.com\/pt-br\/qualidade-e-servico\/"]}]},{"@type":"BreadcrumbList","@id":"https:\/\/marcegagliadobrasil.com\/pt-br\/qualidade-e-servico\/#breadcrumb","itemListElement":[{"@type":"ListItem","position":1,"name":"Home","item":"https:\/\/marcegagliadobrasil.com\/pt-br\/"},{"@type":"ListItem","position":2,"name":"Qualidade e Servi\u00e7o"}]},{"@type":"WebSite","@id":"https:\/\/marcegagliadobrasil.com\/pt-br\/#website","url":"https:\/\/marcegagliadobrasil.com\/pt-br\/","name":"Marcegaglia do Brasil","description":"We give shape to steel","potentialAction":[{"@type":"SearchAction","target":{"@type":"EntryPoint","urlTemplate":"https:\/\/marcegagliadobrasil.com\/pt-br\/?s={search_term_string}"},"query-input":{"@type":"PropertyValueSpecification","valueRequired":true,"valueName":"search_term_string"}}],"inLanguage":"pt-BR"}]}},"_links":{"self":[{"href":"https:\/\/marcegagliadobrasil.com\/pt-br\/wp-json\/wp\/v2\/pages\/12721","targetHints":{"allow":["GET"]}}],"collection":[{"href":"https:\/\/marcegagliadobrasil.com\/pt-br\/wp-json\/wp\/v2\/pages"}],"about":[{"href":"https:\/\/marcegagliadobrasil.com\/pt-br\/wp-json\/wp\/v2\/types\/page"}],"author":[{"embeddable":true,"href":"https:\/\/marcegagliadobrasil.com\/pt-br\/wp-json\/wp\/v2\/users\/1"}],"replies":[{"embeddable":true,"href":"https:\/\/marcegagliadobrasil.com\/pt-br\/wp-json\/wp\/v2\/comments?post=12721"}],"version-history":[{"count":5,"href":"https:\/\/marcegagliadobrasil.com\/pt-br\/wp-json\/wp\/v2\/pages\/12721\/revisions"}],"predecessor-version":[{"id":14320,"href":"https:\/\/marcegagliadobrasil.com\/pt-br\/wp-json\/wp\/v2\/pages\/12721\/revisions\/14320"}],"wp:attachment":[{"href":"https:\/\/marcegagliadobrasil.com\/pt-br\/wp-json\/wp\/v2\/media?parent=12721"}],"curies":[{"name":"wp","href":"https:\/\/api.w.org\/{rel}","templated":true}]}}