{"id":12771,"date":"2020-05-12T08:05:38","date_gmt":"2020-05-12T08:05:38","guid":{"rendered":"https:\/\/marcegagliadobrasil.com\/applications\/"},"modified":"2024-05-22T07:52:10","modified_gmt":"2024-05-22T07:52:10","slug":"aplicacoes","status":"publish","type":"page","link":"https:\/\/marcegagliadobrasil.com\/pt-br\/aplicacoes\/","title":{"rendered":"Aplica\u00e7\u00f5es"},"content":{"rendered":"<div class=\"wpb-content-wrapper\"><p>[vc_row full_width=&#8221;stretch_row_content_no_spaces&#8221; css=&#8221;.vc_custom_1602079933160{background-image: url(https:\/\/marcegagliadobrasil.com\/wp-content\/uploads\/2020\/10\/marcegaglia_brasil-applications-tubes-applications-banner-1920&#215;306-1.jpg?id=13701) !important;background-position: center !important;background-repeat: no-repeat !important;background-size: cover !important;}&#8221; el_id=&#8221;desk&#8221;][vc_column css=&#8221;.vc_custom_1588593703140{padding-top: 7.65em !important;padding-bottom: 7.65em !important;background-position: center !important;background-repeat: no-repeat !important;background-size: cover !important;}&#8221; el_id=&#8221;desk&#8221; offset=&#8221;vc_hidden-sm vc_hidden-xs&#8221;][vc_column_text]<\/p>\n<h1 style=\"text-align: center;\"><span style=\"color: #ffffff;\">PRINCIPAIS APLICA\u00c7\u00d5ES<\/span><\/h1>\n<p>[\/vc_column_text][\/vc_column][\/vc_row][vc_row full_width=&#8221;stretch_row_content_no_spaces&#8221; css=&#8221;.vc_custom_1602080587325{padding-top: 1.65em !important;padding-bottom: 1.65em !important;background-image: url(https:\/\/marcegagliadobrasil.com\/wp-content\/uploads\/2020\/10\/marcegaglia_brasil-applications-tubes-applications-banner-1920&#215;306-1.jpg?id=13702) !important;background-position: center !important;background-repeat: no-repeat !important;background-size: cover !important;}&#8221; el_id=&#8221;resp&#8221;][vc_column css=&#8221;.vc_custom_1588592239658{background-position: center !important;background-repeat: no-repeat !important;background-size: cover !important;}&#8221; el_id=&#8221;resp&#8221; offset=&#8221;vc_hidden-lg vc_hidden-md&#8221;][vc_column_text]<\/p>\n<h1 style=\"text-align: center;\"><span style=\"color: #ffffff;\">PRINCIPAIS APLICA\u00c7\u00d5ES<\/span><\/h1>\n<p>[\/vc_column_text][\/vc_column][\/vc_row][vc_row full_width=&#8221;stretch_row_content_no_spaces&#8221; equal_height=&#8221;yes&#8221; content_placement=&#8221;middle&#8221; css=&#8221;.vc_custom_1588178118120{background-position: center !important;background-repeat: no-repeat !important;background-size: cover !important;}&#8221; el_id=&#8221;desk&#8221;][vc_column width=&#8221;1\/2&#8243; css=&#8221;.vc_custom_1602079305487{padding-top: 5vh !important;padding-bottom: 5vh !important;background-image: url(https:\/\/marcegagliadobrasil.com\/wp-content\/uploads\/2020\/10\/Marcegaglia-do-Brasil-mechanical-precision-agriculture.jpg?id=13690) !important;background-position: center !important;background-repeat: no-repeat !important;background-size: cover !important;}&#8221; offset=&#8221;vc_col-lg-6 vc_col-md-12 vc_col-xs-12&#8243;][\/vc_column][vc_column width=&#8221;1\/2&#8243; offset=&#8221;vc_col-lg-6 vc_col-md-12 vc_col-xs-12&#8243; css=&#8221;.vc_custom_1602079467545{padding-top: 2em !important;padding-bottom: 2em !important;}&#8221;][vc_row_inner][vc_column_inner width=&#8221;1\/4&#8243;][\/vc_column_inner][vc_column_inner width=&#8221;1\/2&#8243;][vc_empty_space][vc_column_text]<\/p>\n<h3>MEC\u00c2NICAS E DE PRECIS\u00c3O<\/h3>\n<p>[\/vc_column_text][vc_empty_space][vc_column_text]<\/p>\n<div><b><span lang=\"PT\">M\u00e1quinas e equipamento: <\/span><\/b><\/div>\n<div><span lang=\"PT\">m\u00f3veis comerciais, educacionais e <span id=\"OBJ_PREFIX_DWT2274_com_zimbra_date\" class=\"Object\" role=\"link\"><span id=\"OBJ_PREFIX_DWT2278_com_zimbra_date\" class=\"Object\" role=\"link\">dom<\/span><\/span>\u00e9sticos, equipamentos de fitness, explora\u00e7\u00e3o de min\u00e9rio<\/span><\/div>\n<p><strong>Implementos agr\u00edcolas<\/strong>:<br \/>\nestrutura de equipamentos eixos e suportes, tubula\u00e7\u00f5es para equipamentos de irriga\u00e7\u00e3o[\/vc_column_text][vc_empty_space][\/vc_column_inner][vc_column_inner width=&#8221;1\/4&#8243;][\/vc_column_inner][\/vc_row_inner][\/vc_column][\/vc_row][vc_row full_width=&#8221;stretch_row_content_no_spaces&#8221; css=&#8221;.vc_custom_1602079480472{padding-top: 10vh !important;padding-bottom: 10vh !important;background-image: url(https:\/\/marcegagliadobrasil.com\/wp-content\/uploads\/2020\/10\/Marcegaglia-do-Brasil-mechanical-precision-agriculture.jpg?id=13690) !important;background-position: center !important;background-repeat: no-repeat !important;background-size: cover !important;}&#8221; el_id=&#8221;resp&#8221;][vc_column css=&#8221;.vc_custom_1588751239732{background-position: center !important;background-repeat: no-repeat !important;background-size: cover !important;}&#8221; offset=&#8221;vc_hidden-lg&#8221;][\/vc_column][\/vc_row][vc_row content_placement=&#8221;middle&#8221; css=&#8221;.vc_custom_1588755760166{background-position: center !important;background-repeat: no-repeat !important;background-size: cover !important;}&#8221; el_id=&#8221;resp&#8221;][vc_column css=&#8221;.vc_custom_1605692149555{padding-top: 5vh !important;padding-bottom: 5vh !important;background-position: center !important;background-repeat: no-repeat !important;background-size: cover !important;}&#8221; offset=&#8221;vc_hidden-lg vc_hidden-md&#8221;][vc_empty_space][vc_column_text]<\/p>\n<h3>MEC\u00c2NICAS E DE PRECIS\u00c3O<\/h3>\n<p>[\/vc_column_text][vc_empty_space][vc_column_text]<\/p>\n<div><b><span lang=\"PT\">M\u00e1quinas e equipamento: <\/span><\/b><\/div>\n<div><span lang=\"PT\">m\u00f3veis comerciais, educacionais e <span id=\"OBJ_PREFIX_DWT2274_com_zimbra_date\" class=\"Object\" role=\"link\"><span id=\"OBJ_PREFIX_DWT2278_com_zimbra_date\" class=\"Object\" role=\"link\">dom<\/span><\/span>\u00e9sticos, equipamentos de fitness, explora\u00e7\u00e3o de min\u00e9rio<\/span><\/div>\n<p><strong>Implementos agr\u00edcolas<\/strong>:<br \/>\nestrutura de equipamentos eixos e suportes, tubula\u00e7\u00f5es para equipamentos de irriga\u00e7\u00e3o[\/vc_column_text][vc_empty_space][\/vc_column][\/vc_row][vc_row full_width=&#8221;stretch_row_content_no_spaces&#8221; equal_height=&#8221;yes&#8221; content_placement=&#8221;middle&#8221; css=&#8221;.vc_custom_1588755724791{background-position: center !important;background-repeat: no-repeat !important;background-size: cover !important;}&#8221; el_id=&#8221;desk&#8221; el_class=&#8221;md-reverse&#8221;][vc_column width=&#8221;1\/2&#8243; css=&#8221;.vc_custom_1602079371908{padding-top: 5em !important;padding-bottom: 5em !important;background-position: center !important;background-repeat: no-repeat !important;background-size: cover !important;}&#8221; offset=&#8221;vc_hidden-sm vc_hidden-xs&#8221;][vc_row_inner][vc_column_inner width=&#8221;1\/4&#8243;][\/vc_column_inner][vc_column_inner width=&#8221;1\/2&#8243;][vc_empty_space][vc_column_text]<\/p>\n<h3>CONSTRU\u00c7\u00c3O E DECORA\u00c7\u00c3O<\/h3>\n<p>[\/vc_column_text][vc_empty_space][vc_column_text]<strong>Constru\u00e7\u00e3o civil<\/strong>:<br \/>\nestruturas met\u00e1licas, sistemas de movimenta\u00e7\u00e3o e armazenagem racks, pallets e prateleiras, funda\u00e7\u00f5es e po\u00e7os artesianos, ilumina\u00e7\u00e3o, obras residenciais, comerciais e\/ou industriais[\/vc_column_text][vc_empty_space][\/vc_column_inner][vc_column_inner width=&#8221;1\/4&#8243;][\/vc_column_inner][\/vc_row_inner][\/vc_column][vc_column width=&#8221;1\/2&#8243; css=&#8221;.vc_custom_1602079515094{background-image: url(https:\/\/marcegagliadobrasil.com\/wp-content\/uploads\/2020\/10\/Marcegaglia-do-Brasil-structural-ornamental-.jpg?id=13694) !important;background-position: center !important;background-repeat: no-repeat !important;background-size: cover !important;}&#8221; offset=&#8221;vc_hidden-sm vc_hidden-xs&#8221;][\/vc_column][\/vc_row][vc_row full_width=&#8221;stretch_row_content_no_spaces&#8221; css=&#8221;.vc_custom_1602079524808{padding-top: 10vh !important;padding-bottom: 10vh !important;background-image: url(https:\/\/marcegagliadobrasil.com\/wp-content\/uploads\/2020\/10\/Marcegaglia-do-Brasil-structural-ornamental-.jpg?id=13694) !important;background-position: center !important;background-repeat: no-repeat !important;background-size: cover !important;}&#8221; el_id=&#8221;resp&#8221;][vc_column css=&#8221;.vc_custom_1588752898822{background-position: center !important;background-repeat: no-repeat !important;background-size: cover !important;}&#8221; offset=&#8221;vc_hidden-lg vc_col-md-12&#8243;][\/vc_column][\/vc_row][vc_row content_placement=&#8221;middle&#8221; css=&#8221;.vc_custom_1588755534869{background-position: center !important;background-repeat: no-repeat !important;background-size: cover !important;}&#8221; el_id=&#8221;resp&#8221;][vc_column css=&#8221;.vc_custom_1605692143927{padding-top: 5vh !important;padding-bottom: 5vh !important;background-position: center !important;background-repeat: no-repeat !important;background-size: cover !important;}&#8221; offset=&#8221;vc_hidden-lg vc_col-md-12 vc_hidden-md&#8221;][vc_empty_space][vc_column_text]<\/p>\n<h3>COSTRU\u00c7\u00c3O E DECORSCA\u00c7\u00c3O<\/h3>\n<p>[\/vc_column_text][vc_empty_space][vc_column_text]<strong>Constru\u00e7\u00e3o civil<\/strong>:<br \/>\nestruturas met\u00e1licas, sistemas de movimenta\u00e7\u00e3o e armazenagem racks, pallets e prateleiras, funda\u00e7\u00f5es e po\u00e7os artesianos, ilumina\u00e7\u00e3o, obras residenciais, comerciais e\/ou industriais[\/vc_column_text][vc_empty_space][\/vc_column][\/vc_row][vc_row full_width=&#8221;stretch_row_content_no_spaces&#8221; equal_height=&#8221;yes&#8221; content_placement=&#8221;middle&#8221; css=&#8221;.vc_custom_1588178476333{background-position: center !important;background-repeat: no-repeat !important;background-size: cover !important;}&#8221; el_id=&#8221;desk&#8221;][vc_column width=&#8221;1\/2&#8243; css=&#8221;.vc_custom_1602079542263{padding-top: 5vh !important;padding-bottom: 5vh !important;background-image: url(https:\/\/marcegagliadobrasil.com\/wp-content\/uploads\/2020\/10\/Marcegaglia-do-Brasil-fluids.jpg?id=13696) !important;background-position: center !important;background-repeat: no-repeat !important;background-size: cover !important;}&#8221; offset=&#8221;vc_hidden-sm vc_hidden-xs&#8221;][\/vc_column][vc_column width=&#8221;1\/2&#8243; offset=&#8221;vc_hidden-sm vc_hidden-xs&#8221; css=&#8221;.vc_custom_1600429363981{padding-top: 4em !important;padding-bottom: 4em !important;}&#8221;][vc_row_inner][vc_column_inner width=&#8221;1\/4&#8243;][\/vc_column_inner][vc_column_inner width=&#8221;1\/2&#8243;][vc_empty_space][vc_column_text]<\/p>\n<h3>TRANSPORTE DE FLU\u00cdDOS<\/h3>\n<p>[\/vc_column_text][vc_empty_space][vc_column_text]Uma ampla gama de <strong>tubos de a\u00e7o carbono<\/strong> para <strong>sucroenerg\u00e9tico<\/strong>:<br \/>\ntubos estruturais, tubos de condu\u00e7\u00e3o, trocadores de calor, sistema preventivo de inc\u00eandio[\/vc_column_text][vc_empty_space][\/vc_column_inner][vc_column_inner width=&#8221;1\/4&#8243;][\/vc_column_inner][\/vc_row_inner][\/vc_column][\/vc_row][vc_row full_width=&#8221;stretch_row_content_no_spaces&#8221; css=&#8221;.vc_custom_1602079551868{padding-top: 10vh !important;padding-bottom: 10vh !important;background-image: url(https:\/\/marcegagliadobrasil.com\/wp-content\/uploads\/2020\/10\/Marcegaglia-do-Brasil-fluids.jpg?id=13696) !important;background-position: center !important;background-repeat: no-repeat !important;background-size: cover !important;}&#8221; el_id=&#8221;resp&#8221;][vc_column css=&#8221;.vc_custom_1588178291850{background-position: center !important;background-repeat: no-repeat !important;background-size: cover !important;}&#8221; offset=&#8221;vc_hidden-lg vc_hidden-md&#8221;][\/vc_column][\/vc_row][vc_row content_placement=&#8221;middle&#8221; css=&#8221;.vc_custom_1588755539367{background-position: center !important;background-repeat: no-repeat !important;background-size: cover !important;}&#8221; el_id=&#8221;resp&#8221;][vc_column css=&#8221;.vc_custom_1588178154652{padding-top: 5vh !important;padding-bottom: 5vh !important;background-position: center !important;background-repeat: no-repeat !important;background-size: cover !important;}&#8221; offset=&#8221;vc_hidden-lg vc_hidden-md&#8221;][vc_empty_space][vc_column_text]<\/p>\n<h3>TRANSPORTE DE FLU\u00cdDOS<\/h3>\n<p>[\/vc_column_text][vc_empty_space][vc_column_text]Uma ampla gama de <strong>tubos de a\u00e7o carbono<\/strong> para <strong>sucroenerg\u00e9tico<\/strong>:<br \/>\ntubos estruturais, tubos de condu\u00e7\u00e3o, trocadores de calor, sistema preventivo de inc\u00eandio[\/vc_column_text][vc_empty_space][\/vc_column][\/vc_row][vc_row full_width=&#8221;stretch_row_content_no_spaces&#8221; equal_height=&#8221;yes&#8221; content_placement=&#8221;middle&#8221; css=&#8221;.vc_custom_1588178654008{background-position: center !important;background-repeat: no-repeat !important;background-size: cover !important;}&#8221; el_id=&#8221;desk&#8221;][vc_column width=&#8221;1\/2&#8243; css=&#8221;.vc_custom_1600429352941{padding-top: 3em !important;padding-bottom: 3em !important;background-position: center !important;background-repeat: no-repeat !important;background-size: cover !important;}&#8221; offset=&#8221;vc_hidden-sm vc_hidden-xs&#8221;][vc_row_inner][vc_column_inner width=&#8221;1\/4&#8243;][\/vc_column_inner][vc_column_inner width=&#8221;1\/2&#8243;][vc_empty_space][vc_column_text]<\/p>\n<h3>AUTOMOTIVAS<\/h3>\n<p>[\/vc_column_text][vc_empty_space][vc_column_text]<strong>Automotivo<\/strong>:<br \/>\nautope\u00e7as, motope\u00e7as, sistemistas exaust\u00e3o<\/p>\n<p><strong>Equipamentos Rodovi\u00e1rios e Ferrovi\u00e1rios<\/strong>:<br \/>\neixos, chassi, carrocerias, protetores, cabines, vag\u00f5es[\/vc_column_text][vc_empty_space][\/vc_column_inner][vc_column_inner width=&#8221;1\/4&#8243;][\/vc_column_inner][\/vc_row_inner][\/vc_column][vc_column width=&#8221;1\/2&#8243; css=&#8221;.vc_custom_1602079562995{padding-top: 5vh !important;padding-bottom: 5vh !important;background-image: url(https:\/\/marcegagliadobrasil.com\/wp-content\/uploads\/2020\/10\/Marcegaglia-do-Brasil-automotive.jpg?id=13688) !important;background-position: center !important;background-repeat: no-repeat !important;background-size: cover !important;}&#8221; offset=&#8221;vc_hidden-sm vc_hidden-xs&#8221;][\/vc_column][\/vc_row][vc_row full_width=&#8221;stretch_row_content_no_spaces&#8221; css=&#8221;.vc_custom_1602079572008{padding-top: 10vh !important;padding-bottom: 10vh !important;background-image: url(https:\/\/marcegagliadobrasil.com\/wp-content\/uploads\/2020\/10\/Marcegaglia-do-Brasil-automotive.jpg?id=13688) !important;background-position: center !important;background-repeat: no-repeat !important;background-size: cover !important;}&#8221; el_id=&#8221;resp&#8221;][vc_column css=&#8221;.vc_custom_1588178291850{background-position: center !important;background-repeat: no-repeat !important;background-size: cover !important;}&#8221; offset=&#8221;vc_hidden-lg vc_hidden-md&#8221;][\/vc_column][\/vc_row][vc_row content_placement=&#8221;middle&#8221; css=&#8221;.vc_custom_1588755545118{background-position: center !important;background-repeat: no-repeat !important;background-size: cover !important;}&#8221; el_id=&#8221;resp&#8221;][vc_column css=&#8221;.vc_custom_1588178154652{padding-top: 5vh !important;padding-bottom: 5vh !important;background-position: center !important;background-repeat: no-repeat !important;background-size: cover !important;}&#8221; offset=&#8221;vc_hidden-lg vc_hidden-md&#8221;][vc_empty_space][vc_column_text]<\/p>\n<h3>AUTOMOTIVAS<\/h3>\n<p>[\/vc_column_text][vc_empty_space][vc_column_text]<strong>Automotivo<\/strong>:<br \/>\nautope\u00e7as, motope\u00e7as, sistemistas exaust\u00e3o<\/p>\n<p><strong>Equipamentos Rodovi\u00e1rios e Ferrovi\u00e1rios<\/strong>:<br \/>\neixos, chassi, carrocerias, protetores, cabines, vag\u00f5es[\/vc_column_text][vc_empty_space][\/vc_column][\/vc_row][vc_row full_width=&#8221;stretch_row_content_no_spaces&#8221; equal_height=&#8221;yes&#8221; content_placement=&#8221;middle&#8221; css=&#8221;.vc_custom_1588178907601{background-position: center !important;background-repeat: no-repeat !important;background-size: cover !important;}&#8221; el_id=&#8221;desk&#8221;][vc_column width=&#8221;1\/2&#8243; css=&#8221;.vc_custom_1602079593631{padding-top: 5vh !important;padding-bottom: 5vh !important;background-image: url(https:\/\/marcegagliadobrasil.com\/wp-content\/uploads\/2020\/10\/Marcegaglia-do-Brasil-refrigeration.jpg?id=13698) !important;background-position: center !important;background-repeat: no-repeat !important;background-size: cover !important;}&#8221; offset=&#8221;vc_hidden-sm vc_hidden-xs&#8221;][\/vc_column][vc_column width=&#8221;1\/2&#8243; offset=&#8221;vc_hidden-sm vc_hidden-xs&#8221; css=&#8221;.vc_custom_1602079348556{padding-top: 5em !important;padding-bottom: 5em !important;}&#8221;][vc_row_inner][vc_column_inner width=&#8221;1\/4&#8243;][\/vc_column_inner][vc_column_inner width=&#8221;1\/2&#8243;][vc_empty_space][vc_column_text]<\/p>\n<h3>IND\u00daSTRIA DE REFRIGERA\u00c7\u00c3O<\/h3>\n<p>[\/vc_column_text][vc_empty_space][vc_column_text]<strong>Linha branca dom\u00e9stica e comercial<\/strong>:<br \/>\ncondensadores, tubos de aquecimento, g\u00e1s, refrigera\u00e7\u00e3o e ventila\u00e7\u00e3o<\/p>\n<p>&nbsp;<\/p>\n<p><a href=\"https:\/\/www.imat.it\/en\" target=\"_blank\" rel=\"noopener\"><span class=\"HwtZe\" lang=\"pt\"><span class=\"jCAhz ChMk0b\"><span class=\"ryNqvb\">Descubra mais<\/span><\/span><\/span><\/a>[\/vc_column_text][vc_empty_space][\/vc_column_inner][vc_column_inner width=&#8221;1\/4&#8243;][\/vc_column_inner][\/vc_row_inner][\/vc_column][\/vc_row][vc_row full_width=&#8221;stretch_row_content_no_spaces&#8221; css=&#8221;.vc_custom_1602079614897{padding-top: 10vh !important;padding-bottom: 10vh !important;background-image: url(https:\/\/marcegagliadobrasil.com\/wp-content\/uploads\/2020\/10\/Marcegaglia-do-Brasil-refrigeration.jpg?id=13698) !important;background-position: center !important;background-repeat: no-repeat !important;background-size: cover !important;}&#8221; el_id=&#8221;resp&#8221;][vc_column css=&#8221;.vc_custom_1588178291850{background-position: center !important;background-repeat: no-repeat !important;background-size: cover !important;}&#8221; offset=&#8221;vc_hidden-lg vc_hidden-md&#8221;][\/vc_column][\/vc_row][vc_row content_placement=&#8221;middle&#8221; css=&#8221;.vc_custom_1588755553808{background-position: center !important;background-repeat: no-repeat !important;background-size: cover !important;}&#8221; el_id=&#8221;resp&#8221;][vc_column css=&#8221;.vc_custom_1588178154652{padding-top: 5vh !important;padding-bottom: 5vh !important;background-position: center !important;background-repeat: no-repeat !important;background-size: cover !important;}&#8221; offset=&#8221;vc_hidden-lg vc_hidden-md&#8221;][vc_empty_space][vc_column_text]<\/p>\n<h3>IND\u00daSTRIA DE REFRIGERA\u00c7\u00c3O<\/h3>\n<p>[\/vc_column_text][vc_empty_space][vc_column_text]<strong>Linha branca dom\u00e9stica e comercial<\/strong>:<br \/>\ncondensadores, tubos de aquecimento, g\u00e1s, refrigera\u00e7\u00e3o e ventila\u00e7\u00e3o<\/p>\n<p><a href=\"https:\/\/www.imat.it\/en\" target=\"_blank\" rel=\"noopener\"><span class=\"HwtZe\" lang=\"pt\"><span class=\"jCAhz ChMk0b\"><span class=\"ryNqvb\">Descubra mais<\/span><\/span><\/span><\/a>[\/vc_column_text][vc_empty_space][\/vc_column][\/vc_row]<\/p>\n<\/div>","protected":false},"excerpt":{"rendered":"<p>[vc_row full_width=&#8221;stretch_row_content_no_spaces&#8221; css=&#8221;.vc_custom_1602079933160{background-image: url(https:\/\/marcegagliadobrasil.com\/wp-content\/uploads\/2020\/10\/marcegaglia_brasil-applications-tubes-applications-banner-1920&#215;306-1.jpg?id=13701) !important;background-position: center !important;background-repeat: no-repeat !important;background-size: cover !important;}&#8221; &#8230; <\/p>\n","protected":false},"author":1,"featured_media":0,"parent":0,"menu_order":0,"comment_status":"closed","ping_status":"closed","template":"","meta":{"footnotes":""},"class_list":["post-12771","page","type-page","status-publish","hentry"],"yoast_head":"<!-- This site is optimized with the Yoast SEO plugin v27.3 - https:\/\/yoast.com\/product\/yoast-seo-wordpress\/ -->\n<title>Aplica\u00e7\u00f5es - Marcegaglia do Brasil<\/title>\n<meta name=\"robots\" content=\"index, follow, max-snippet:-1, max-image-preview:large, max-video-preview:-1\" \/>\n<link rel=\"canonical\" href=\"https:\/\/marcegagliadobrasil.com\/pt-br\/aplicacoes\/\" \/>\n<meta property=\"og:locale\" content=\"pt_BR\" \/>\n<meta property=\"og:type\" content=\"article\" \/>\n<meta property=\"og:title\" content=\"Aplica\u00e7\u00f5es - Marcegaglia do Brasil\" \/>\n<meta property=\"og:description\" content=\"[vc_row full_width=&#8221;stretch_row_content_no_spaces&#8221; css=&#8221;.vc_custom_1602079933160{background-image: url(https:\/\/marcegagliadobrasil.com\/wp-content\/uploads\/2020\/10\/marcegaglia_brasil-applications-tubes-applications-banner-1920&#215;306-1.jpg?id=13701) !important;background-position: center !important;background-repeat: no-repeat !important;background-size: cover !important;}&#8221; ...\" \/>\n<meta property=\"og:url\" content=\"https:\/\/marcegagliadobrasil.com\/pt-br\/aplicacoes\/\" \/>\n<meta property=\"og:site_name\" content=\"Marcegaglia do Brasil\" \/>\n<meta property=\"article:modified_time\" content=\"2024-05-22T07:52:10+00:00\" \/>\n<meta name=\"twitter:card\" content=\"summary_large_image\" \/>\n<meta name=\"twitter:label1\" content=\"Est. tempo de leitura\" \/>\n\t<meta name=\"twitter:data1\" content=\"4 minutos\" \/>\n<script type=\"application\/ld+json\" class=\"yoast-schema-graph\">{\"@context\":\"https:\\\/\\\/schema.org\",\"@graph\":[{\"@type\":\"WebPage\",\"@id\":\"https:\\\/\\\/marcegagliadobrasil.com\\\/pt-br\\\/aplicacoes\\\/\",\"url\":\"https:\\\/\\\/marcegagliadobrasil.com\\\/pt-br\\\/aplicacoes\\\/\",\"name\":\"Aplica\u00e7\u00f5es - Marcegaglia do Brasil\",\"isPartOf\":{\"@id\":\"https:\\\/\\\/marcegagliadobrasil.com\\\/pt-br\\\/#website\"},\"datePublished\":\"2020-05-12T08:05:38+00:00\",\"dateModified\":\"2024-05-22T07:52:10+00:00\",\"breadcrumb\":{\"@id\":\"https:\\\/\\\/marcegagliadobrasil.com\\\/pt-br\\\/aplicacoes\\\/#breadcrumb\"},\"inLanguage\":\"pt-BR\",\"potentialAction\":[{\"@type\":\"ReadAction\",\"target\":[\"https:\\\/\\\/marcegagliadobrasil.com\\\/pt-br\\\/aplicacoes\\\/\"]}]},{\"@type\":\"BreadcrumbList\",\"@id\":\"https:\\\/\\\/marcegagliadobrasil.com\\\/pt-br\\\/aplicacoes\\\/#breadcrumb\",\"itemListElement\":[{\"@type\":\"ListItem\",\"position\":1,\"name\":\"Home\",\"item\":\"https:\\\/\\\/marcegagliadobrasil.com\\\/pt-br\\\/\"},{\"@type\":\"ListItem\",\"position\":2,\"name\":\"Aplica\u00e7\u00f5es\"}]},{\"@type\":\"WebSite\",\"@id\":\"https:\\\/\\\/marcegagliadobrasil.com\\\/pt-br\\\/#website\",\"url\":\"https:\\\/\\\/marcegagliadobrasil.com\\\/pt-br\\\/\",\"name\":\"Marcegaglia do Brasil\",\"description\":\"We give shape to steel\",\"potentialAction\":[{\"@type\":\"SearchAction\",\"target\":{\"@type\":\"EntryPoint\",\"urlTemplate\":\"https:\\\/\\\/marcegagliadobrasil.com\\\/pt-br\\\/?s={search_term_string}\"},\"query-input\":{\"@type\":\"PropertyValueSpecification\",\"valueRequired\":true,\"valueName\":\"search_term_string\"}}],\"inLanguage\":\"pt-BR\"}]}<\/script>\n<!-- \/ Yoast SEO plugin. -->","yoast_head_json":{"title":"Aplica\u00e7\u00f5es - Marcegaglia do Brasil","robots":{"index":"index","follow":"follow","max-snippet":"max-snippet:-1","max-image-preview":"max-image-preview:large","max-video-preview":"max-video-preview:-1"},"canonical":"https:\/\/marcegagliadobrasil.com\/pt-br\/aplicacoes\/","og_locale":"pt_BR","og_type":"article","og_title":"Aplica\u00e7\u00f5es - Marcegaglia do Brasil","og_description":"[vc_row full_width=&#8221;stretch_row_content_no_spaces&#8221; css=&#8221;.vc_custom_1602079933160{background-image: url(https:\/\/marcegagliadobrasil.com\/wp-content\/uploads\/2020\/10\/marcegaglia_brasil-applications-tubes-applications-banner-1920&#215;306-1.jpg?id=13701) !important;background-position: center !important;background-repeat: no-repeat !important;background-size: cover !important;}&#8221; ...","og_url":"https:\/\/marcegagliadobrasil.com\/pt-br\/aplicacoes\/","og_site_name":"Marcegaglia do Brasil","article_modified_time":"2024-05-22T07:52:10+00:00","twitter_card":"summary_large_image","twitter_misc":{"Est. tempo de leitura":"4 minutos"},"schema":{"@context":"https:\/\/schema.org","@graph":[{"@type":"WebPage","@id":"https:\/\/marcegagliadobrasil.com\/pt-br\/aplicacoes\/","url":"https:\/\/marcegagliadobrasil.com\/pt-br\/aplicacoes\/","name":"Aplica\u00e7\u00f5es - Marcegaglia do Brasil","isPartOf":{"@id":"https:\/\/marcegagliadobrasil.com\/pt-br\/#website"},"datePublished":"2020-05-12T08:05:38+00:00","dateModified":"2024-05-22T07:52:10+00:00","breadcrumb":{"@id":"https:\/\/marcegagliadobrasil.com\/pt-br\/aplicacoes\/#breadcrumb"},"inLanguage":"pt-BR","potentialAction":[{"@type":"ReadAction","target":["https:\/\/marcegagliadobrasil.com\/pt-br\/aplicacoes\/"]}]},{"@type":"BreadcrumbList","@id":"https:\/\/marcegagliadobrasil.com\/pt-br\/aplicacoes\/#breadcrumb","itemListElement":[{"@type":"ListItem","position":1,"name":"Home","item":"https:\/\/marcegagliadobrasil.com\/pt-br\/"},{"@type":"ListItem","position":2,"name":"Aplica\u00e7\u00f5es"}]},{"@type":"WebSite","@id":"https:\/\/marcegagliadobrasil.com\/pt-br\/#website","url":"https:\/\/marcegagliadobrasil.com\/pt-br\/","name":"Marcegaglia do Brasil","description":"We give shape to steel","potentialAction":[{"@type":"SearchAction","target":{"@type":"EntryPoint","urlTemplate":"https:\/\/marcegagliadobrasil.com\/pt-br\/?s={search_term_string}"},"query-input":{"@type":"PropertyValueSpecification","valueRequired":true,"valueName":"search_term_string"}}],"inLanguage":"pt-BR"}]}},"_links":{"self":[{"href":"https:\/\/marcegagliadobrasil.com\/pt-br\/wp-json\/wp\/v2\/pages\/12771","targetHints":{"allow":["GET"]}}],"collection":[{"href":"https:\/\/marcegagliadobrasil.com\/pt-br\/wp-json\/wp\/v2\/pages"}],"about":[{"href":"https:\/\/marcegagliadobrasil.com\/pt-br\/wp-json\/wp\/v2\/types\/page"}],"author":[{"embeddable":true,"href":"https:\/\/marcegagliadobrasil.com\/pt-br\/wp-json\/wp\/v2\/users\/1"}],"replies":[{"embeddable":true,"href":"https:\/\/marcegagliadobrasil.com\/pt-br\/wp-json\/wp\/v2\/comments?post=12771"}],"version-history":[{"count":5,"href":"https:\/\/marcegagliadobrasil.com\/pt-br\/wp-json\/wp\/v2\/pages\/12771\/revisions"}],"predecessor-version":[{"id":14410,"href":"https:\/\/marcegagliadobrasil.com\/pt-br\/wp-json\/wp\/v2\/pages\/12771\/revisions\/14410"}],"wp:attachment":[{"href":"https:\/\/marcegagliadobrasil.com\/pt-br\/wp-json\/wp\/v2\/media?parent=12771"}],"curies":[{"name":"wp","href":"https:\/\/api.w.org\/{rel}","templated":true}]}}