{"id":14537,"date":"2020-04-21T10:04:00","date_gmt":"2020-04-21T10:04:00","guid":{"rendered":"https:\/\/marcegagliadobrasil.com\/legal-notes\/"},"modified":"2024-10-14T09:07:58","modified_gmt":"2024-10-14T09:07:58","slug":"informacoes-legais","status":"publish","type":"page","link":"https:\/\/marcegagliadobrasil.com\/pt-br\/informacoes-legais\/","title":{"rendered":"Legal Notes"},"content":{"rendered":"<div class=\"wpb-content-wrapper\"><p>[vc_row css=&#8221;.vc_custom_1587463199143{padding-top: 2em !important;padding-bottom: 2em !important;}&#8221;][vc_column][vc_empty_space height=&#8221;64px&#8221;][vc_column_text]<\/p>\n<div class=\"articolo\">\n<div id=\"content\"><strong>Informa\u00e7\u00f5es Legais<\/strong><br \/>\nOs textos, as informa\u00e7\u00f5es e outros dados publicados neste site, bem como os links para outros sites na web, t\u00eam exclusivamente fins informativos e n\u00e3o possuem car\u00e1ter oficial.<\/div>\n<div>A Marcegaglia S.p.A. n\u00e3o assume qualquer responsabilidade por eventuais erros ou omiss\u00f5es de qualquer tipo, nem por qualquer tipo de dano direto, indireto ou acidental decorrente da leitura ou uso das informa\u00e7\u00f5es publicadas, ou de qualquer forma de conte\u00fado presente no site, ou pelo acesso ou uso do material contido em outros sites.<\/div>\n<\/div>\n<p>[\/vc_column_text][vc_column_text][\/vc_column_text][vc_empty_space height=&#8221;64px&#8221;][\/vc_column][\/vc_row]<\/p>\n<\/div>","protected":false},"excerpt":{"rendered":"<p>[vc_row css=&#8221;.vc_custom_1587463199143{padding-top: 2em !important;padding-bottom: 2em !important;}&#8221;][vc_column][vc_empty_space height=&#8221;64px&#8221;][vc_column_text] Informa\u00e7\u00f5es Legais Os textos, &#8230; <\/p>\n","protected":false},"author":1,"featured_media":0,"parent":0,"menu_order":0,"comment_status":"closed","ping_status":"closed","template":"","meta":{"footnotes":""},"class_list":["post-14537","page","type-page","status-publish","hentry"],"yoast_head":"<!-- This site is optimized with the Yoast SEO plugin v27.3 - https:\/\/yoast.com\/product\/yoast-seo-wordpress\/ -->\n<title>Legal Notes - Marcegaglia do Brasil<\/title>\n<meta name=\"description\" content=\"Marcegaglia S.p.A. n\u00e3o se responsabiliza por erros, omiss\u00f5es ou danos derivados do uso de conte\u00fados do site ou de sites vinculados.\" \/>\n<meta name=\"robots\" content=\"index, follow, max-snippet:-1, max-image-preview:large, max-video-preview:-1\" \/>\n<link rel=\"canonical\" href=\"https:\/\/marcegagliadobrasil.com\/en\/legal-notes\/\" \/>\n<meta property=\"og:locale\" content=\"pt_BR\" \/>\n<meta property=\"og:type\" content=\"article\" \/>\n<meta property=\"og:title\" content=\"Legal Notes - Marcegaglia do Brasil\" \/>\n<meta property=\"og:description\" content=\"Marcegaglia S.p.A. n\u00e3o se responsabiliza por erros, omiss\u00f5es ou danos derivados do uso de conte\u00fados do site ou de sites vinculados.\" \/>\n<meta property=\"og:url\" content=\"https:\/\/marcegagliadobrasil.com\/en\/legal-notes\/\" \/>\n<meta property=\"og:site_name\" content=\"Marcegaglia do Brasil\" \/>\n<meta property=\"article:modified_time\" content=\"2024-10-14T09:07:58+00:00\" \/>\n<meta name=\"twitter:card\" content=\"summary_large_image\" \/>\n<meta name=\"twitter:label1\" content=\"Est. tempo de leitura\" \/>\n\t<meta name=\"twitter:data1\" content=\"1 minuto\" \/>\n<script type=\"application\/ld+json\" class=\"yoast-schema-graph\">{\"@context\":\"https:\\\/\\\/schema.org\",\"@graph\":[{\"@type\":\"WebPage\",\"@id\":\"https:\\\/\\\/marcegagliadobrasil.com\\\/en\\\/legal-notes\\\/\",\"url\":\"https:\\\/\\\/marcegagliadobrasil.com\\\/en\\\/legal-notes\\\/\",\"name\":\"Legal Notes - Marcegaglia do Brasil\",\"isPartOf\":{\"@id\":\"https:\\\/\\\/marcegagliadobrasil.com\\\/pt-br\\\/#website\"},\"datePublished\":\"2020-04-21T10:04:00+00:00\",\"dateModified\":\"2024-10-14T09:07:58+00:00\",\"description\":\"Marcegaglia S.p.A. n\u00e3o se responsabiliza por erros, omiss\u00f5es ou danos derivados do uso de conte\u00fados do site ou de sites vinculados.\",\"breadcrumb\":{\"@id\":\"https:\\\/\\\/marcegagliadobrasil.com\\\/en\\\/legal-notes\\\/#breadcrumb\"},\"inLanguage\":\"pt-BR\",\"potentialAction\":[{\"@type\":\"ReadAction\",\"target\":[\"https:\\\/\\\/marcegagliadobrasil.com\\\/en\\\/legal-notes\\\/\"]}]},{\"@type\":\"BreadcrumbList\",\"@id\":\"https:\\\/\\\/marcegagliadobrasil.com\\\/en\\\/legal-notes\\\/#breadcrumb\",\"itemListElement\":[{\"@type\":\"ListItem\",\"position\":1,\"name\":\"Home\",\"item\":\"https:\\\/\\\/marcegagliadobrasil.com\\\/pt-br\\\/\"},{\"@type\":\"ListItem\",\"position\":2,\"name\":\"Legal Notes\"}]},{\"@type\":\"WebSite\",\"@id\":\"https:\\\/\\\/marcegagliadobrasil.com\\\/pt-br\\\/#website\",\"url\":\"https:\\\/\\\/marcegagliadobrasil.com\\\/pt-br\\\/\",\"name\":\"Marcegaglia do Brasil\",\"description\":\"We give shape to steel\",\"potentialAction\":[{\"@type\":\"SearchAction\",\"target\":{\"@type\":\"EntryPoint\",\"urlTemplate\":\"https:\\\/\\\/marcegagliadobrasil.com\\\/pt-br\\\/?s={search_term_string}\"},\"query-input\":{\"@type\":\"PropertyValueSpecification\",\"valueRequired\":true,\"valueName\":\"search_term_string\"}}],\"inLanguage\":\"pt-BR\"}]}<\/script>\n<!-- \/ Yoast SEO plugin. -->","yoast_head_json":{"title":"Legal Notes - Marcegaglia do Brasil","description":"Marcegaglia S.p.A. n\u00e3o se responsabiliza por erros, omiss\u00f5es ou danos derivados do uso de conte\u00fados do site ou de sites vinculados.","robots":{"index":"index","follow":"follow","max-snippet":"max-snippet:-1","max-image-preview":"max-image-preview:large","max-video-preview":"max-video-preview:-1"},"canonical":"https:\/\/marcegagliadobrasil.com\/en\/legal-notes\/","og_locale":"pt_BR","og_type":"article","og_title":"Legal Notes - Marcegaglia do Brasil","og_description":"Marcegaglia S.p.A. n\u00e3o se responsabiliza por erros, omiss\u00f5es ou danos derivados do uso de conte\u00fados do site ou de sites vinculados.","og_url":"https:\/\/marcegagliadobrasil.com\/en\/legal-notes\/","og_site_name":"Marcegaglia do Brasil","article_modified_time":"2024-10-14T09:07:58+00:00","twitter_card":"summary_large_image","twitter_misc":{"Est. tempo de leitura":"1 minuto"},"schema":{"@context":"https:\/\/schema.org","@graph":[{"@type":"WebPage","@id":"https:\/\/marcegagliadobrasil.com\/en\/legal-notes\/","url":"https:\/\/marcegagliadobrasil.com\/en\/legal-notes\/","name":"Legal Notes - Marcegaglia do Brasil","isPartOf":{"@id":"https:\/\/marcegagliadobrasil.com\/pt-br\/#website"},"datePublished":"2020-04-21T10:04:00+00:00","dateModified":"2024-10-14T09:07:58+00:00","description":"Marcegaglia S.p.A. n\u00e3o se responsabiliza por erros, omiss\u00f5es ou danos derivados do uso de conte\u00fados do site ou de sites vinculados.","breadcrumb":{"@id":"https:\/\/marcegagliadobrasil.com\/en\/legal-notes\/#breadcrumb"},"inLanguage":"pt-BR","potentialAction":[{"@type":"ReadAction","target":["https:\/\/marcegagliadobrasil.com\/en\/legal-notes\/"]}]},{"@type":"BreadcrumbList","@id":"https:\/\/marcegagliadobrasil.com\/en\/legal-notes\/#breadcrumb","itemListElement":[{"@type":"ListItem","position":1,"name":"Home","item":"https:\/\/marcegagliadobrasil.com\/pt-br\/"},{"@type":"ListItem","position":2,"name":"Legal Notes"}]},{"@type":"WebSite","@id":"https:\/\/marcegagliadobrasil.com\/pt-br\/#website","url":"https:\/\/marcegagliadobrasil.com\/pt-br\/","name":"Marcegaglia do Brasil","description":"We give shape to steel","potentialAction":[{"@type":"SearchAction","target":{"@type":"EntryPoint","urlTemplate":"https:\/\/marcegagliadobrasil.com\/pt-br\/?s={search_term_string}"},"query-input":{"@type":"PropertyValueSpecification","valueRequired":true,"valueName":"search_term_string"}}],"inLanguage":"pt-BR"}]}},"_links":{"self":[{"href":"https:\/\/marcegagliadobrasil.com\/pt-br\/wp-json\/wp\/v2\/pages\/14537","targetHints":{"allow":["GET"]}}],"collection":[{"href":"https:\/\/marcegagliadobrasil.com\/pt-br\/wp-json\/wp\/v2\/pages"}],"about":[{"href":"https:\/\/marcegagliadobrasil.com\/pt-br\/wp-json\/wp\/v2\/types\/page"}],"author":[{"embeddable":true,"href":"https:\/\/marcegagliadobrasil.com\/pt-br\/wp-json\/wp\/v2\/users\/1"}],"replies":[{"embeddable":true,"href":"https:\/\/marcegagliadobrasil.com\/pt-br\/wp-json\/wp\/v2\/comments?post=14537"}],"version-history":[{"count":2,"href":"https:\/\/marcegagliadobrasil.com\/pt-br\/wp-json\/wp\/v2\/pages\/14537\/revisions"}],"predecessor-version":[{"id":14539,"href":"https:\/\/marcegagliadobrasil.com\/pt-br\/wp-json\/wp\/v2\/pages\/14537\/revisions\/14539"}],"wp:attachment":[{"href":"https:\/\/marcegagliadobrasil.com\/pt-br\/wp-json\/wp\/v2\/media?parent=14537"}],"curies":[{"name":"wp","href":"https:\/\/api.w.org\/{rel}","templated":true}]}}